{"id":703,"date":"2024-07-11T11:36:24","date_gmt":"2024-07-11T09:36:24","guid":{"rendered":"https:\/\/collegaa.nl\/?page_id=703"},"modified":"2025-06-06T11:44:31","modified_gmt":"2025-06-06T09:44:31","slug":"zastosowanie","status":"publish","type":"page","link":"https:\/\/collegaa.nl\/pl\/solliciteer\/","title":{"rendered":"Zastosuj"},"content":{"rendered":"\t\t<div data-elementor-type=\"wp-page\" data-elementor-id=\"703\" class=\"elementor elementor-703\" data-elementor-post-type=\"page\">\n\t\t\t\t<div class=\"elementor-element elementor-element-2ef9eb6 e-flex e-con-boxed e-con e-parent\" data-id=\"2ef9eb6\" data-element_type=\"container\" data-e-type=\"container\" data-settings=\"{&quot;background_background&quot;:&quot;classic&quot;}\">\n\t\t\t\t\t<div class=\"e-con-inner\">\n\t\t<div class=\"elementor-element elementor-element-8c5a40c e-con-full e-flex e-con e-child\" data-id=\"8c5a40c\" data-element_type=\"container\" data-e-type=\"container\">\n\t\t\t\t<div class=\"elementor-element elementor-element-e8bc45f elementor-widget elementor-widget-breadcrumbs\" data-id=\"e8bc45f\" data-element_type=\"widget\" data-e-type=\"widget\" data-widget_type=\"breadcrumbs.default\">\n\t\t\t\t<div class=\"elementor-widget-container\">\n\t\t\t\t\t<p id=\"breadcrumbs\"><span><span><a href=\"https:\/\/collegaa.nl\/\">Home<\/a><\/span><\/span><\/p>\t\t\t\t<\/div>\n\t\t\t\t<\/div>\n\t\t\t\t<div class=\"elementor-element elementor-element-7cd1c63 elementor-widget elementor-widget-heading\" data-id=\"7cd1c63\" data-element_type=\"widget\" data-e-type=\"widget\" data-widget_type=\"heading.default\">\n\t\t\t\t<div class=\"elementor-widget-container\">\n\t\t\t\t\t<h1 class=\"elementor-heading-title elementor-size-default\">Solliciteer<\/h1>\t\t\t\t<\/div>\n\t\t\t\t<\/div>\n\t\t\t\t<div class=\"elementor-element elementor-element-0b9dc53 elementor-widget-mobile__width-inherit elementor-widget elementor-widget-text-editor\" data-id=\"0b9dc53\" data-element_type=\"widget\" data-e-type=\"widget\" data-widget_type=\"text-editor.default\">\n\t\t\t\t<div class=\"elementor-widget-container\">\n\t\t\t\t\t\t\t\t\t<p>Dien uw aanvraag snel en eenvoudig in. Geef uw gegevens op, upload uw CV en zet de eerste stap naar uw volgende carri\u00e8remogelijkheid.<\/p>\t\t\t\t\t\t\t\t<\/div>\n\t\t\t\t<\/div>\n\t\t\t\t<\/div>\n\t\t<div class=\"elementor-element elementor-element-d62d574 e-con-full e-flex e-con e-child\" data-id=\"d62d574\" data-element_type=\"container\" data-e-type=\"container\">\n\t\t\t\t<div class=\"elementor-element elementor-element-6423d17 elementor-widget elementor-widget-image\" data-id=\"6423d17\" data-element_type=\"widget\" data-e-type=\"widget\" data-widget_type=\"image.default\">\n\t\t\t\t<div class=\"elementor-widget-container\">\n\t\t\t\t\t\t\t\t\t\t\t\t\t\t\t<img fetchpriority=\"high\" decoding=\"async\" width=\"1024\" height=\"249\" src=\"https:\/\/collegaa.nl\/wp-content\/uploads\/2024\/07\/pexels-sora-shimazaki-5673502-1024x249.png\" class=\"attachment-large size-large wp-image-356\" alt=\"\" srcset=\"https:\/\/collegaa.nl\/wp-content\/uploads\/2024\/07\/pexels-sora-shimazaki-5673502-1024x249.png 1024w, https:\/\/collegaa.nl\/wp-content\/uploads\/2024\/07\/pexels-sora-shimazaki-5673502-300x73.png 300w, https:\/\/collegaa.nl\/wp-content\/uploads\/2024\/07\/pexels-sora-shimazaki-5673502-768x186.png 768w, https:\/\/collegaa.nl\/wp-content\/uploads\/2024\/07\/pexels-sora-shimazaki-5673502.png 1244w\" sizes=\"(max-width: 1024px) 100vw, 1024px\" \/>\t\t\t\t\t\t\t\t\t\t\t\t\t\t\t<\/div>\n\t\t\t\t<\/div>\n\t\t\t\t<\/div>\n\t\t\t\t\t<\/div>\n\t\t\t\t<\/div>\n\t\t<div class=\"elementor-element elementor-element-22b1b94 padding-section e-flex e-con-boxed e-con e-parent\" data-id=\"22b1b94\" data-element_type=\"container\" data-e-type=\"container\">\n\t\t\t\t\t<div class=\"e-con-inner\">\n\t\t\t\t<div class=\"elementor-element elementor-element-47a89f3 elementor-button-align-start elementor-widget elementor-widget-form\" data-id=\"47a89f3\" data-element_type=\"widget\" data-e-type=\"widget\" data-settings=\"{&quot;step_next_label&quot;:&quot;Volgende&quot;,&quot;step_previous_label&quot;:&quot;Vorige&quot;,&quot;button_width&quot;:&quot;100&quot;,&quot;step_type&quot;:&quot;number_text&quot;,&quot;step_icon_shape&quot;:&quot;circle&quot;}\" data-widget_type=\"form.default\">\n\t\t\t\t<div class=\"elementor-widget-container\">\n\t\t\t\t\t\t\t<form class=\"elementor-form\" method=\"post\" name=\"Sollicitatie Collegaa\" aria-label=\"Sollicitatie Collegaa\" novalidate=\"\">\n\t\t\t<input type=\"hidden\" name=\"post_id\" value=\"703\"\/>\n\t\t\t<input type=\"hidden\" name=\"form_id\" value=\"47a89f3\"\/>\n\t\t\t<input type=\"hidden\" name=\"referer_title\" value=\"Collegaa\" \/>\n\n\t\t\t\n\t\t\t<div class=\"elementor-form-fields-wrapper elementor-labels-above\">\n\t\t\t\t\t\t\t\t<div class=\"elementor-field-type-step elementor-field-group elementor-column elementor-field-group-field_545dc86 elementor-col-100\">\n\t\t\t\t\t\t\t<div class=\"e-field-step elementor-hidden\" data-label=\"\" data-previousButton=\"\" data-nextButton=\"\" data-iconUrl=\"\" data-iconLibrary=\"fas fa-star\" data-icon=\"&lt;svg class=&quot;e-font-icon-svg e-fas-star&quot; viewBox=&quot;0 0 576 512&quot; xmlns=&quot;http:\/\/www.w3.org\/2000\/svg&quot;&gt;&lt;path d=&quot;M259.3 17.8L194 150.2 47.9 171.5c-26.2 3.8-36.7 36.1-17.7 54.6l105.7 103-25 145.5c-4.5 26.3 23.2 46 46.4 33.7L288 439.6l130.7 68.7c23.2 12.2 50.9-7.4 46.4-33.7l-25-145.5 105.7-103c19-18.5 8.5-50.8-17.7-54.6L382 150.2 316.7 17.8c-11.7-23.6-45.6-23.9-57.4 0z&quot;&gt;&lt;\/path&gt;&lt;\/svg&gt;\" ><\/div>\n\n\t\t\t\t\t\t<\/div>\n\t\t\t\t\t\t\t\t<div class=\"elementor-field-type-text elementor-field-group elementor-column elementor-field-group-voornaam elementor-col-100 elementor-md-40 elementor-field-required elementor-mark-required\">\n\t\t\t\t\t\t\t\t\t\t\t\t<label for=\"form-field-voornaam\" class=\"elementor-field-label\">\n\t\t\t\t\t\t\t\tVoornaam\t\t\t\t\t\t\t<\/label>\n\t\t\t\t\t\t\t\t\t\t\t\t\t\t<input size=\"1\" type=\"text\" name=\"form_fields[voornaam]\" id=\"form-field-voornaam\" class=\"elementor-field elementor-size-md  elementor-field-textual\" placeholder=\"Voornaam\" required=\"required\">\n\t\t\t\t\t\t\t\t\t\t\t<\/div>\n\t\t\t\t\t\t\t\t<div class=\"elementor-field-type-text elementor-field-group elementor-column elementor-field-group-naam_tussenvoegsel elementor-col-100 elementor-md-20\">\n\t\t\t\t\t\t\t\t\t\t\t\t<label for=\"form-field-naam_tussenvoegsel\" class=\"elementor-field-label\">\n\t\t\t\t\t\t\t\tTussenvoegsel\t\t\t\t\t\t\t<\/label>\n\t\t\t\t\t\t\t\t\t\t\t\t\t\t<input size=\"1\" type=\"text\" name=\"form_fields[naam_tussenvoegsel]\" id=\"form-field-naam_tussenvoegsel\" class=\"elementor-field elementor-size-md  elementor-field-textual\" placeholder=\"Tussenvoegsel\">\n\t\t\t\t\t\t\t\t\t\t\t<\/div>\n\t\t\t\t\t\t\t\t<div class=\"elementor-field-type-text elementor-field-group elementor-column elementor-field-group-achternaam elementor-col-100 elementor-md-40 elementor-field-required elementor-mark-required\">\n\t\t\t\t\t\t\t\t\t\t\t\t<label for=\"form-field-achternaam\" class=\"elementor-field-label\">\n\t\t\t\t\t\t\t\tAchternaam\t\t\t\t\t\t\t<\/label>\n\t\t\t\t\t\t\t\t\t\t\t\t\t\t<input size=\"1\" type=\"text\" name=\"form_fields[achternaam]\" id=\"form-field-achternaam\" class=\"elementor-field elementor-size-md  elementor-field-textual\" placeholder=\"Achternaam\" required=\"required\">\n\t\t\t\t\t\t\t\t\t\t\t<\/div>\n\t\t\t\t\t\t\t\t<div class=\"elementor-field-type-email elementor-field-group elementor-column elementor-field-group-email elementor-col-100 elementor-field-required elementor-mark-required\">\n\t\t\t\t\t\t\t\t\t\t\t\t<label for=\"form-field-email\" class=\"elementor-field-label\">\n\t\t\t\t\t\t\t\tE-mailadres\t\t\t\t\t\t\t<\/label>\n\t\t\t\t\t\t\t\t\t\t\t\t\t\t<input size=\"1\" type=\"email\" name=\"form_fields[email]\" id=\"form-field-email\" class=\"elementor-field elementor-size-md  elementor-field-textual\" placeholder=\"E-mailadres\" required=\"required\">\n\t\t\t\t\t\t\t\t\t\t\t<\/div>\n\t\t\t\t\t\t\t\t<div class=\"elementor-field-type-tel elementor-field-group elementor-column elementor-field-group-tel elementor-col-100 elementor-field-required elementor-mark-required\">\n\t\t\t\t\t\t\t\t\t\t\t\t<label for=\"form-field-tel\" class=\"elementor-field-label\">\n\t\t\t\t\t\t\t\tMobiel telefoonnummer\t\t\t\t\t\t\t<\/label>\n\t\t\t\t\t\t\t\t<input size=\"1\" type=\"tel\" name=\"form_fields[tel]\" id=\"form-field-tel\" class=\"elementor-field elementor-size-md  elementor-field-textual\" placeholder=\"Mobiel telefoonnummer\" required=\"required\" pattern=\"[0-9()#&amp;+*-=.]+\" title=\"Akceptowane s\u0105 jedynie cyfry i znaki telefoniczne (#,-,*).\">\n\n\t\t\t\t\t\t<\/div>\n\t\t\t\t\t\t\t\t<div class=\"elementor-field-type-step elementor-field-group elementor-column elementor-field-group-field_ea65374 elementor-col-100\">\n\t\t\t\t\t\t\t<div class=\"e-field-step elementor-hidden\" data-label=\"\" data-previousButton=\"\" data-nextButton=\"\" data-iconUrl=\"\" data-iconLibrary=\"fas fa-star\" data-icon=\"&lt;svg class=&quot;e-font-icon-svg e-fas-star&quot; viewBox=&quot;0 0 576 512&quot; xmlns=&quot;http:\/\/www.w3.org\/2000\/svg&quot;&gt;&lt;path d=&quot;M259.3 17.8L194 150.2 47.9 171.5c-26.2 3.8-36.7 36.1-17.7 54.6l105.7 103-25 145.5c-4.5 26.3 23.2 46 46.4 33.7L288 439.6l130.7 68.7c23.2 12.2 50.9-7.4 46.4-33.7l-25-145.5 105.7-103c19-18.5 8.5-50.8-17.7-54.6L382 150.2 316.7 17.8c-11.7-23.6-45.6-23.9-57.4 0z&quot;&gt;&lt;\/path&gt;&lt;\/svg&gt;\" ><\/div>\n\n\t\t\t\t\t\t<\/div>\n\t\t\t\t\t\t\t\t<div class=\"elementor-field-type-text elementor-field-group elementor-column elementor-field-group-postcode elementor-col-100 elementor-field-required elementor-mark-required\">\n\t\t\t\t\t\t\t\t\t\t\t\t<label for=\"form-field-postcode\" class=\"elementor-field-label\">\n\t\t\t\t\t\t\t\tPostcode\t\t\t\t\t\t\t<\/label>\n\t\t\t\t\t\t\t\t\t\t\t\t\t\t<input size=\"1\" type=\"text\" name=\"form_fields[postcode]\" id=\"form-field-postcode\" class=\"elementor-field elementor-size-md  elementor-field-textual\" placeholder=\"Postcode\" required=\"required\">\n\t\t\t\t\t\t\t\t\t\t\t<\/div>\n\t\t\t\t\t\t\t\t<div class=\"elementor-field-type-text elementor-field-group elementor-column elementor-field-group-huisnummer elementor-col-100 elementor-field-required elementor-mark-required\">\n\t\t\t\t\t\t\t\t\t\t\t\t<label for=\"form-field-huisnummer\" class=\"elementor-field-label\">\n\t\t\t\t\t\t\t\tHuisnummer\t\t\t\t\t\t\t<\/label>\n\t\t\t\t\t\t\t\t\t\t\t\t\t\t<input size=\"1\" type=\"text\" name=\"form_fields[huisnummer]\" id=\"form-field-huisnummer\" class=\"elementor-field elementor-size-md  elementor-field-textual\" placeholder=\"Huisnummer\" required=\"required\">\n\t\t\t\t\t\t\t\t\t\t\t<\/div>\n\t\t\t\t\t\t\t\t<div class=\"elementor-field-type-text elementor-field-group elementor-column elementor-field-group-adres_toevoeging elementor-col-100\">\n\t\t\t\t\t\t\t\t\t\t\t\t<label for=\"form-field-adres_toevoeging\" class=\"elementor-field-label\">\n\t\t\t\t\t\t\t\tToevoeging\t\t\t\t\t\t\t<\/label>\n\t\t\t\t\t\t\t\t\t\t\t\t\t\t<input size=\"1\" type=\"text\" name=\"form_fields[adres_toevoeging]\" id=\"form-field-adres_toevoeging\" class=\"elementor-field elementor-size-md  elementor-field-textual\" placeholder=\"Toevoeging\">\n\t\t\t\t\t\t\t\t\t\t\t<\/div>\n\t\t\t\t\t\t\t\t<div class=\"elementor-field-type-text elementor-field-group elementor-column elementor-field-group-straat elementor-col-100\">\n\t\t\t\t\t\t\t\t\t\t\t\t<label for=\"form-field-straat\" class=\"elementor-field-label\">\n\t\t\t\t\t\t\t\tStraat\t\t\t\t\t\t\t<\/label>\n\t\t\t\t\t\t\t\t\t\t\t\t\t\t<input size=\"1\" type=\"text\" name=\"form_fields[straat]\" id=\"form-field-straat\" class=\"elementor-field elementor-size-md  elementor-field-textual\" placeholder=\"Straat\">\n\t\t\t\t\t\t\t\t\t\t\t<\/div>\n\t\t\t\t\t\t\t\t<div class=\"elementor-field-type-text elementor-field-group elementor-column elementor-field-group-woonplaats elementor-col-100\">\n\t\t\t\t\t\t\t\t\t\t\t\t<label for=\"form-field-woonplaats\" class=\"elementor-field-label\">\n\t\t\t\t\t\t\t\tWoonplaats\t\t\t\t\t\t\t<\/label>\n\t\t\t\t\t\t\t\t\t\t\t\t\t\t<input size=\"1\" type=\"text\" name=\"form_fields[woonplaats]\" id=\"form-field-woonplaats\" class=\"elementor-field elementor-size-md  elementor-field-textual\" placeholder=\"Woonplaats\">\n\t\t\t\t\t\t\t\t\t\t\t<\/div>\n\t\t\t\t\t\t\t\t<div class=\"elementor-field-type-step elementor-field-group elementor-column elementor-field-group-field_21aa55a elementor-col-100\">\n\t\t\t\t\t\t\t<div class=\"e-field-step elementor-hidden\" data-label=\"\" data-previousButton=\"\" data-nextButton=\"\" data-iconUrl=\"\" data-iconLibrary=\"fas fa-star\" data-icon=\"&lt;svg class=&quot;e-font-icon-svg e-fas-star&quot; viewBox=&quot;0 0 576 512&quot; xmlns=&quot;http:\/\/www.w3.org\/2000\/svg&quot;&gt;&lt;path d=&quot;M259.3 17.8L194 150.2 47.9 171.5c-26.2 3.8-36.7 36.1-17.7 54.6l105.7 103-25 145.5c-4.5 26.3 23.2 46 46.4 33.7L288 439.6l130.7 68.7c23.2 12.2 50.9-7.4 46.4-33.7l-25-145.5 105.7-103c19-18.5 8.5-50.8-17.7-54.6L382 150.2 316.7 17.8c-11.7-23.6-45.6-23.9-57.4 0z&quot;&gt;&lt;\/path&gt;&lt;\/svg&gt;\" ><\/div>\n\n\t\t\t\t\t\t<\/div>\n\t\t\t\t\t\t\t\t<div class=\"elementor-field-type-upload elementor-field-group elementor-column elementor-field-group-cv elementor-col-100\">\n\t\t\t\t\t\t\t\t\t\t\t\t<label for=\"form-field-cv\" class=\"elementor-field-label\">\n\t\t\t\t\t\t\t\tCurriculum vitae\t\t\t\t\t\t\t<\/label>\n\t\t\t\t\t\t\t\t<input type=\"file\" name=\"form_fields[cv]\" id=\"form-field-cv\" class=\"elementor-field elementor-size-md  elementor-upload-field\" data-maxsize=\"64\" data-maxsize-message=\"Rozmiar pliku przekracza dozwolony rozmiar.\">\n\n\t\t\t\t\t\t<\/div>\n\t\t\t\t\t\t\t\t<div class=\"elementor-field-type-text elementor-field-group elementor-column elementor-field-group-functietitel elementor-col-100 elementor-field-required elementor-mark-required\">\n\t\t\t\t\t\t\t\t\t\t\t\t<label for=\"form-field-functietitel\" class=\"elementor-field-label\">\n\t\t\t\t\t\t\t\tFunctietitel\t\t\t\t\t\t\t<\/label>\n\t\t\t\t\t\t\t\t\t\t\t\t\t\t<input size=\"1\" type=\"text\" name=\"form_fields[functietitel]\" id=\"form-field-functietitel\" class=\"elementor-field elementor-size-md  elementor-field-textual\" placeholder=\" Geef aan in welke functie je het liefst aan de slag gaat.\" required=\"required\">\n\t\t\t\t\t\t\t\t\t\t\t<\/div>\n\t\t\t\t\t\t\t\t<div class=\"elementor-field-type-select elementor-field-group elementor-column elementor-field-group-vestiging elementor-col-100 elementor-field-required elementor-mark-required\">\n\t\t\t\t\t\t\t\t\t\t\t\t<label for=\"form-field-vestiging\" class=\"elementor-field-label\">\n\t\t\t\t\t\t\t\tKies de vestiging van jouw voorkeur\t\t\t\t\t\t\t<\/label>\n\t\t\t\t\t\t\t\t<div class=\"elementor-field elementor-select-wrapper remove-before \">\n\t\t\t<div class=\"select-caret-down-wrapper\">\n\t\t\t\t<svg aria-hidden=\"true\" class=\"e-font-icon-svg e-eicon-caret-down\" viewBox=\"0 0 571.4 571.4\" xmlns=\"http:\/\/www.w3.org\/2000\/svg\"><path d=\"M571 393Q571 407 561 418L311 668Q300 679 286 679T261 668L11 418Q0 407 0 393T11 368 36 357H536Q550 357 561 368T571 393Z\"><\/path><\/svg>\t\t\t<\/div>\n\t\t\t<select name=\"form_fields[vestiging]\" id=\"form-field-vestiging\" class=\"elementor-field-textual elementor-size-md\" required=\"required\">\n\t\t\t\t\t\t\t\t\t<option value=\"bijsterhuizen\">Collegaa \u2014 Bijsterhuizen 2414, 6604 LL Wijchen<\/option>\n\t\t\t\t\t\t\t<\/select>\n\t\t<\/div>\n\t\t\t\t\t\t<\/div>\n\t\t\t\t\t\t\t\t<div class=\"elementor-field-type-acceptance elementor-field-group elementor-column elementor-field-group-goedkeuring elementor-col-100 elementor-field-required elementor-mark-required\">\n\t\t\t\t\t\t\t\t\t\t\t\t<label for=\"form-field-goedkeuring\" class=\"elementor-field-label\">\n\t\t\t\t\t\t\t\tControleren en versturen\t\t\t\t\t\t\t<\/label>\n\t\t\t\t\t\t\t\t<div class=\"elementor-field-subgroup\">\n\t\t\t<span class=\"elementor-field-option\">\n\t\t\t\t<input type=\"checkbox\" name=\"form_fields[goedkeuring]\" id=\"form-field-goedkeuring\" class=\"elementor-field elementor-size-md  elementor-acceptance-field\" required=\"required\">\n\t\t\t\t<label for=\"form-field-goedkeuring\">Ik ga akkoord dat mijn persoonsgegevens worden verwerkt<\/label>\t\t\t<\/span>\n\t\t<\/div>\n\t\t\t\t\t\t<\/div>\n\t\t\t\t\t\t\t\t<div class=\"elementor-field-type-acceptance elementor-field-group elementor-column elementor-field-group-whatsapp elementor-col-100 elementor-field-required elementor-mark-required\">\n\t\t\t\t\t\t\t\t\t\t\t\t<label for=\"form-field-whatsapp\" class=\"elementor-field-label\">\n\t\t\t\t\t\t\t\tMag mij benaderen via WhatsApp\t\t\t\t\t\t\t<\/label>\n\t\t\t\t\t\t\t\t<div class=\"elementor-field-subgroup\">\n\t\t\t<span class=\"elementor-field-option\">\n\t\t\t\t<input type=\"checkbox\" name=\"form_fields[whatsapp]\" id=\"form-field-whatsapp\" class=\"elementor-field elementor-size-md  elementor-acceptance-field\" required=\"required\">\n\t\t\t\t<label for=\"form-field-whatsapp\">Collegaa mag mij benaderen via <img decoding=\"async\" style=\"vertical-align:top;display: inline-block; width:100px; padding:0 5px;\" src=\"https:\/\/assets.cockpit.recruitnow.nl\/whatsapp\/WhatsApp_Logo_5.png\"><\/label>\t\t\t<\/span>\n\t\t<\/div>\n\t\t\t\t\t\t<\/div>\n\t\t\t\t\t\t\t\t<div class=\"elementor-field-type-html elementor-field-group elementor-column elementor-field-group-field_ac9c2c1 elementor-col-100\">\n\t\t\t\t\t<label id=\"form-field-persoonsgegevens\">Wij gaan zorgvuldig om met je persoonsgegevens. Bij het aanmaken van een account ga je akkoord met onze <a target=\"_blank\" href=\"https:\/\/collegaa.nl\/privacyverklaring\/\">privacystatement<\/a><\/label>\t\t\t\t<\/div>\n\t\t\t\t\t\t\t\t<div class=\"elementor-field-type-hidden elementor-field-group elementor-column elementor-field-group-pagina_titel elementor-col-100\">\n\t\t\t\t\t\t\t\t\t\t\t\t\t<input size=\"1\" type=\"hidden\" name=\"form_fields[pagina_titel]\" id=\"form-field-pagina_titel\" class=\"elementor-field elementor-size-md  elementor-field-textual\">\n\t\t\t\t\t\t\t\t\t\t\t<\/div>\n\t\t\t\t\t\t\t\t<div class=\"elementor-field-group elementor-column elementor-field-type-submit elementor-col-100 e-form__buttons\">\n\t\t\t\t\t<button class=\"elementor-button elementor-size-sm\" type=\"submit\">\n\t\t\t\t\t\t<span class=\"elementor-button-content-wrapper\">\n\t\t\t\t\t\t\t\t\t\t\t\t\t\t\t\t\t\t\t\t\t\t<span class=\"elementor-button-text\">Verstuur inschrijving<\/span>\n\t\t\t\t\t\t\t\t\t\t\t\t\t<\/span>\n\t\t\t\t\t<\/button>\n\t\t\t\t<\/div>\n\t\t\t<\/div>\n\t\t<\/form>\n\t\t\t\t\t\t<\/div>\n\t\t\t\t<\/div>\n\t\t\t\t\t<\/div>\n\t\t\t\t<\/div>\n\t\t\t\t<\/div>\n\t\t","protected":false},"excerpt":{"rendered":"<p>Z\u0142\u00f3\u017c aplikacj\u0119 szybko i \u0142atwo. Wprowad\u017a swoje dane, prze\u015blij CV i zr\u00f3b pierwszy krok w kierunku kolejnej szansy na karier\u0119.<\/p>","protected":false},"author":5,"featured_media":0,"parent":0,"menu_order":0,"comment_status":"closed","ping_status":"closed","template":"","meta":{"_acf_changed":false,"content-type":"","footnotes":""},"class_list":["post-703","page","type-page","status-publish","hentry"],"acf":[],"yoast_head":"<!-- This site is optimized with the Yoast SEO Premium plugin v27.5 (Yoast SEO v27.5) - https:\/\/yoast.com\/product\/yoast-seo-premium-wordpress\/ -->\n<title>Solliciteer - Collegaa<\/title>\n<meta name=\"robots\" content=\"index, follow, max-snippet:-1, max-image-preview:large, max-video-preview:-1\" \/>\n<link rel=\"canonical\" href=\"https:\/\/collegaa.nl\/pl\/zastosowanie\/\" \/>\n<meta property=\"og:locale\" content=\"pl_PL\" \/>\n<meta property=\"og:type\" content=\"article\" \/>\n<meta property=\"og:title\" content=\"Solliciteer\" \/>\n<meta property=\"og:description\" content=\"Solliciteer Dien uw aanvraag snel en eenvoudig in. Geef uw gegevens op, upload uw CV en zet de eerste stap naar uw volgende carri\u00e8remogelijkheid.\" \/>\n<meta property=\"og:url\" content=\"https:\/\/collegaa.nl\/pl\/zastosowanie\/\" \/>\n<meta property=\"og:site_name\" content=\"Collegaa\" \/>\n<meta property=\"article:modified_time\" content=\"2025-06-06T09:44:31+00:00\" \/>\n<meta property=\"og:image\" content=\"https:\/\/collegaa.nl\/wp-content\/uploads\/2024\/07\/pexels-sora-shimazaki-5673502-1024x249.png\" \/>\n<meta name=\"twitter:card\" content=\"summary_large_image\" \/>\n<meta name=\"twitter:label1\" content=\"Szacowany czas czytania\" \/>\n\t<meta name=\"twitter:data1\" content=\"1 minuta\" \/>\n<script type=\"application\/ld+json\" class=\"yoast-schema-graph\">{\"@context\":\"https:\\\/\\\/schema.org\",\"@graph\":[{\"@type\":\"WebPage\",\"@id\":\"https:\\\/\\\/collegaa.nl\\\/pl\\\/zastosowanie\\\/\",\"url\":\"https:\\\/\\\/collegaa.nl\\\/pl\\\/zastosowanie\\\/\",\"name\":\"Solliciteer - Collegaa\",\"isPartOf\":{\"@id\":\"https:\\\/\\\/collegaa.nl\\\/#website\"},\"primaryImageOfPage\":{\"@id\":\"https:\\\/\\\/collegaa.nl\\\/pl\\\/zastosowanie\\\/#primaryimage\"},\"image\":{\"@id\":\"https:\\\/\\\/collegaa.nl\\\/pl\\\/zastosowanie\\\/#primaryimage\"},\"thumbnailUrl\":\"https:\\\/\\\/collegaa.nl\\\/wp-content\\\/uploads\\\/2024\\\/07\\\/pexels-sora-shimazaki-5673502-1024x249.png\",\"datePublished\":\"2024-07-11T09:36:24+00:00\",\"dateModified\":\"2025-06-06T09:44:31+00:00\",\"breadcrumb\":{\"@id\":\"https:\\\/\\\/collegaa.nl\\\/pl\\\/zastosowanie\\\/#breadcrumb\"},\"inLanguage\":\"pl-PL\",\"potentialAction\":[{\"@type\":\"ReadAction\",\"target\":[\"https:\\\/\\\/collegaa.nl\\\/pl\\\/zastosowanie\\\/\"]}]},{\"@type\":\"ImageObject\",\"inLanguage\":\"pl-PL\",\"@id\":\"https:\\\/\\\/collegaa.nl\\\/pl\\\/zastosowanie\\\/#primaryimage\",\"url\":\"https:\\\/\\\/collegaa.nl\\\/wp-content\\\/uploads\\\/2024\\\/07\\\/pexels-sora-shimazaki-5673502-1024x249.png\",\"contentUrl\":\"https:\\\/\\\/collegaa.nl\\\/wp-content\\\/uploads\\\/2024\\\/07\\\/pexels-sora-shimazaki-5673502-1024x249.png\"},{\"@type\":\"BreadcrumbList\",\"@id\":\"https:\\\/\\\/collegaa.nl\\\/pl\\\/zastosowanie\\\/#breadcrumb\",\"itemListElement\":[{\"@type\":\"ListItem\",\"position\":1,\"name\":\"Home\",\"item\":\"https:\\\/\\\/collegaa.nl\\\/\"},{\"@type\":\"ListItem\",\"position\":2,\"name\":\"Solliciteer\"}]},{\"@type\":\"WebSite\",\"@id\":\"https:\\\/\\\/collegaa.nl\\\/#website\",\"url\":\"https:\\\/\\\/collegaa.nl\\\/\",\"name\":\"Collegaa\",\"description\":\"Specialisten verbinden met kansen\",\"publisher\":{\"@id\":\"https:\\\/\\\/collegaa.nl\\\/#organization\"},\"potentialAction\":[{\"@type\":\"SearchAction\",\"target\":{\"@type\":\"EntryPoint\",\"urlTemplate\":\"https:\\\/\\\/collegaa.nl\\\/?s={search_term_string}\"},\"query-input\":{\"@type\":\"PropertyValueSpecification\",\"valueRequired\":true,\"valueName\":\"search_term_string\"}}],\"inLanguage\":\"pl-PL\"},{\"@type\":\"Organization\",\"@id\":\"https:\\\/\\\/collegaa.nl\\\/#organization\",\"name\":\"Collegaa\",\"url\":\"https:\\\/\\\/collegaa.nl\\\/\",\"logo\":{\"@type\":\"ImageObject\",\"inLanguage\":\"pl-PL\",\"@id\":\"https:\\\/\\\/collegaa.nl\\\/#\\\/schema\\\/logo\\\/image\\\/\",\"url\":\"https:\\\/\\\/collegaa.nl\\\/wp-content\\\/uploads\\\/2024\\\/11\\\/Collegaa-logo-vertikaal_vierkant.png\",\"contentUrl\":\"https:\\\/\\\/collegaa.nl\\\/wp-content\\\/uploads\\\/2024\\\/11\\\/Collegaa-logo-vertikaal_vierkant.png\",\"width\":500,\"height\":500,\"caption\":\"Collegaa\"},\"image\":{\"@id\":\"https:\\\/\\\/collegaa.nl\\\/#\\\/schema\\\/logo\\\/image\\\/\"}}]}<\/script>\n<!-- \/ Yoast SEO Premium plugin. -->","yoast_head_json":{"title":"Solliciteer - Collegaa","robots":{"index":"index","follow":"follow","max-snippet":"max-snippet:-1","max-image-preview":"max-image-preview:large","max-video-preview":"max-video-preview:-1"},"canonical":"https:\/\/collegaa.nl\/pl\/zastosowanie\/","og_locale":"pl_PL","og_type":"article","og_title":"Solliciteer","og_description":"Solliciteer Dien uw aanvraag snel en eenvoudig in. Geef uw gegevens op, upload uw CV en zet de eerste stap naar uw volgende carri\u00e8remogelijkheid.","og_url":"https:\/\/collegaa.nl\/pl\/zastosowanie\/","og_site_name":"Collegaa","article_modified_time":"2025-06-06T09:44:31+00:00","og_image":[{"url":"https:\/\/collegaa.nl\/wp-content\/uploads\/2024\/07\/pexels-sora-shimazaki-5673502-1024x249.png","type":"","width":"","height":""}],"twitter_card":"summary_large_image","twitter_misc":{"Szacowany czas czytania":"1 minuta"},"schema":{"@context":"https:\/\/schema.org","@graph":[{"@type":"WebPage","@id":"https:\/\/collegaa.nl\/pl\/zastosowanie\/","url":"https:\/\/collegaa.nl\/pl\/zastosowanie\/","name":"Solliciteer - Collegaa","isPartOf":{"@id":"https:\/\/collegaa.nl\/#website"},"primaryImageOfPage":{"@id":"https:\/\/collegaa.nl\/pl\/zastosowanie\/#primaryimage"},"image":{"@id":"https:\/\/collegaa.nl\/pl\/zastosowanie\/#primaryimage"},"thumbnailUrl":"https:\/\/collegaa.nl\/wp-content\/uploads\/2024\/07\/pexels-sora-shimazaki-5673502-1024x249.png","datePublished":"2024-07-11T09:36:24+00:00","dateModified":"2025-06-06T09:44:31+00:00","breadcrumb":{"@id":"https:\/\/collegaa.nl\/pl\/zastosowanie\/#breadcrumb"},"inLanguage":"pl-PL","potentialAction":[{"@type":"ReadAction","target":["https:\/\/collegaa.nl\/pl\/zastosowanie\/"]}]},{"@type":"ImageObject","inLanguage":"pl-PL","@id":"https:\/\/collegaa.nl\/pl\/zastosowanie\/#primaryimage","url":"https:\/\/collegaa.nl\/wp-content\/uploads\/2024\/07\/pexels-sora-shimazaki-5673502-1024x249.png","contentUrl":"https:\/\/collegaa.nl\/wp-content\/uploads\/2024\/07\/pexels-sora-shimazaki-5673502-1024x249.png"},{"@type":"BreadcrumbList","@id":"https:\/\/collegaa.nl\/pl\/zastosowanie\/#breadcrumb","itemListElement":[{"@type":"ListItem","position":1,"name":"Home","item":"https:\/\/collegaa.nl\/"},{"@type":"ListItem","position":2,"name":"Solliciteer"}]},{"@type":"WebSite","@id":"https:\/\/collegaa.nl\/#website","url":"https:\/\/collegaa.nl\/","name":"Collegaa","description":"\u0141\u0105czenie specjalist\u00f3w z mo\u017cliwo\u015bciami","publisher":{"@id":"https:\/\/collegaa.nl\/#organization"},"potentialAction":[{"@type":"SearchAction","target":{"@type":"EntryPoint","urlTemplate":"https:\/\/collegaa.nl\/?s={search_term_string}"},"query-input":{"@type":"PropertyValueSpecification","valueRequired":true,"valueName":"search_term_string"}}],"inLanguage":"pl-PL"},{"@type":"Organization","@id":"https:\/\/collegaa.nl\/#organization","name":"Collegaa","url":"https:\/\/collegaa.nl\/","logo":{"@type":"ImageObject","inLanguage":"pl-PL","@id":"https:\/\/collegaa.nl\/#\/schema\/logo\/image\/","url":"https:\/\/collegaa.nl\/wp-content\/uploads\/2024\/11\/Collegaa-logo-vertikaal_vierkant.png","contentUrl":"https:\/\/collegaa.nl\/wp-content\/uploads\/2024\/11\/Collegaa-logo-vertikaal_vierkant.png","width":500,"height":500,"caption":"Collegaa"},"image":{"@id":"https:\/\/collegaa.nl\/#\/schema\/logo\/image\/"}}]}},"_links":{"self":[{"href":"https:\/\/collegaa.nl\/pl\/wp-json\/wp\/v2\/pages\/703","targetHints":{"allow":["GET"]}}],"collection":[{"href":"https:\/\/collegaa.nl\/pl\/wp-json\/wp\/v2\/pages"}],"about":[{"href":"https:\/\/collegaa.nl\/pl\/wp-json\/wp\/v2\/types\/page"}],"author":[{"embeddable":true,"href":"https:\/\/collegaa.nl\/pl\/wp-json\/wp\/v2\/users\/5"}],"replies":[{"embeddable":true,"href":"https:\/\/collegaa.nl\/pl\/wp-json\/wp\/v2\/comments?post=703"}],"version-history":[{"count":5,"href":"https:\/\/collegaa.nl\/pl\/wp-json\/wp\/v2\/pages\/703\/revisions"}],"predecessor-version":[{"id":1759,"href":"https:\/\/collegaa.nl\/pl\/wp-json\/wp\/v2\/pages\/703\/revisions\/1759"}],"wp:attachment":[{"href":"https:\/\/collegaa.nl\/pl\/wp-json\/wp\/v2\/media?parent=703"}],"curies":[{"name":"wp","href":"https:\/\/api.w.org\/{rel}","templated":true}]}}