{"id":901,"date":"2024-10-03T12:27:05","date_gmt":"2024-10-03T10:27:05","guid":{"rendered":"https:\/\/collegaa.nl\/?page_id=901"},"modified":"2025-11-03T14:45:56","modified_gmt":"2025-11-03T13:45:56","slug":"pliki-do-pobrania","status":"publish","type":"page","link":"https:\/\/collegaa.nl\/pl\/downloads\/","title":{"rendered":"Pliki do pobrania"},"content":{"rendered":"<div data-elementor-type=\"wp-page\" data-elementor-id=\"901\" class=\"elementor elementor-901\" data-elementor-post-type=\"page\">\n\t\t\t\t<div class=\"elementor-element elementor-element-52f5d88 e-flex e-con-boxed e-con e-parent\" data-id=\"52f5d88\" data-element_type=\"container\" data-e-type=\"container\" data-settings=\"{&quot;background_background&quot;:&quot;classic&quot;}\">\n\t\t\t\t\t<div class=\"e-con-inner\">\n\t\t<div class=\"elementor-element elementor-element-d55d6fa e-con-full e-flex e-con e-child\" data-id=\"d55d6fa\" data-element_type=\"container\" data-e-type=\"container\">\n\t\t\t\t<div class=\"elementor-element elementor-element-ef2522d elementor-widget elementor-widget-breadcrumbs\" data-id=\"ef2522d\" data-element_type=\"widget\" data-e-type=\"widget\" data-widget_type=\"breadcrumbs.default\">\n\t\t\t\t<div class=\"elementor-widget-container\">\n\t\t\t\t\t<p id=\"breadcrumbs\"><span><span><a href=\"https:\/\/collegaa.nl\/pl\/\">Strona g\u0142\u00f3wna<\/a><\/span><\/span><\/p>\t\t\t\t<\/div>\n\t\t\t\t<\/div>\n\t\t\t\t<\/div>\n\t\t<div class=\"elementor-element elementor-element-042a6ae e-con-full e-flex e-con e-child\" data-id=\"042a6ae\" data-element_type=\"container\" data-e-type=\"container\">\n\t\t\t\t<div class=\"elementor-element elementor-element-9b1e6d0 elementor-widget elementor-widget-image\" data-id=\"9b1e6d0\" data-element_type=\"widget\" data-e-type=\"widget\" data-widget_type=\"image.default\">\n\t\t\t\t<div class=\"elementor-widget-container\">\n\t\t\t\t\t\t\t\t\t\t\t\t\t\t\t<img fetchpriority=\"high\" decoding=\"async\" width=\"1024\" height=\"249\" src=\"https:\/\/collegaa.nl\/wp-content\/uploads\/2024\/07\/pexels-sora-shimazaki-5673502-1024x249.png\" class=\"attachment-large size-large wp-image-356\" alt=\"\" srcset=\"https:\/\/collegaa.nl\/wp-content\/uploads\/2024\/07\/pexels-sora-shimazaki-5673502-1024x249.png 1024w, https:\/\/collegaa.nl\/wp-content\/uploads\/2024\/07\/pexels-sora-shimazaki-5673502-300x73.png 300w, https:\/\/collegaa.nl\/wp-content\/uploads\/2024\/07\/pexels-sora-shimazaki-5673502-768x186.png 768w, https:\/\/collegaa.nl\/wp-content\/uploads\/2024\/07\/pexels-sora-shimazaki-5673502.png 1244w\" sizes=\"(max-width: 1024px) 100vw, 1024px\" \/>\t\t\t\t\t\t\t\t\t\t\t\t\t\t\t<\/div>\n\t\t\t\t<\/div>\n\t\t\t\t<\/div>\n\t\t\t\t\t<\/div>\n\t\t\t\t<\/div>\n\t\t<div class=\"elementor-element elementor-element-4c0c316 padding-section faq-section e-flex e-con-boxed e-con e-parent\" data-id=\"4c0c316\" data-element_type=\"container\" data-e-type=\"container\" data-settings=\"{&quot;background_background&quot;:&quot;classic&quot;}\">\n\t\t\t\t\t<div class=\"e-con-inner\">\n\t\t<div class=\"elementor-element elementor-element-b7f5baa e-con-full e-flex e-con e-child\" data-id=\"b7f5baa\" data-element_type=\"container\" data-e-type=\"container\">\n\t\t\t\t<div class=\"elementor-element elementor-element-b684170 elementor-widget elementor-widget-text-editor\" data-id=\"b684170\" data-element_type=\"widget\" data-e-type=\"widget\" data-widget_type=\"text-editor.default\">\n\t\t\t\t<div class=\"elementor-widget-container\">\n\t\t\t\t\t\t\t\t\t<p>Tutaj znajdziesz wyb\u00f3r przydatnych plik\u00f3w do pobrania zar\u00f3wno dla klient\u00f3w, jak i pracownik\u00f3w. Niezale\u017cnie od tego, czy szukasz wa\u017cnych dokument\u00f3w, formularzy czy regulamin\u00f3w, zebrali\u015bmy wszystko w jednym miejscu, aby maksymalnie u\u0142atwi\u0107 Ci \u017cycie. Wybierz plik do pobrania, kt\u00f3rego szukasz i uzyskaj natychmiastowy dost\u0119p do potrzebnych informacji. Masz pytania lub nie mo\u017cesz czego\u015b znale\u017a\u0107? Skontaktuj si\u0119 z nami - ch\u0119tnie pomo\u017cemy!<\/p>\t\t\t\t\t\t\t\t<\/div>\n\t\t\t\t<\/div>\n\t\t\t\t<\/div>\n\t\t<div class=\"elementor-element elementor-element-a6e382d e-con-full e-flex e-con e-child\" data-id=\"a6e382d\" data-element_type=\"container\" data-e-type=\"container\">\n\t\t\t\t<div class=\"elementor-element elementor-element-ae83dd3 elementor-widget elementor-widget-n-accordion\" data-id=\"ae83dd3\" data-element_type=\"widget\" data-e-type=\"widget\" data-settings=\"{&quot;default_state&quot;:&quot;expanded&quot;,&quot;max_items_expended&quot;:&quot;one&quot;,&quot;n_accordion_animation_duration&quot;:{&quot;unit&quot;:&quot;ms&quot;,&quot;size&quot;:400,&quot;sizes&quot;:[]}}\" data-widget_type=\"nested-accordion.default\">\n\t\t\t\t<div class=\"elementor-widget-container\">\n\t\t\t\t\t\t\t<div class=\"e-n-accordion\" aria-label=\"Akordeon. Otwieranie \u0142\u0105czy za pomoc\u0105 klawisza Enter lub spacji, zamykanie za pomoc\u0105 klawisza Escape i nawigacja za pomoc\u0105 klawiszy strza\u0142ek\">\n\t\t\t\t\t\t<details id=\"opdrachtgevers\" class=\"e-n-accordion-item\" open>\n\t\t\t\t<summary class=\"e-n-accordion-item-title\" data-accordion-index=\"1\" tabindex=\"0\" aria-expanded=\"true\" aria-controls=\"opdrachtgevers\" >\n\t\t\t\t\t<span class='e-n-accordion-item-title-header'><div class=\"e-n-accordion-item-title-text\"> Klienci <\/div><\/span>\n\t\t\t\t\t\t\t<span class='e-n-accordion-item-title-icon'>\n\t\t\t<span class='e-opened' ><svg aria-hidden=\"true\" class=\"e-font-icon-svg e-fas-minus\" viewbox=\"0 0 448 512\" xmlns=\"http:\/\/www.w3.org\/2000\/svg\"><path d=\"M416 208H32c-17.67 0-32 14.33-32 32v32c0 17.67 14.33 32 32 32h384c17.67 0 32-14.33 32-32v-32c0-17.67-14.33-32-32-32z\"><\/path><\/svg><\/span>\n\t\t\t<span class='e-closed'><svg aria-hidden=\"true\" class=\"e-font-icon-svg e-fas-plus\" viewbox=\"0 0 448 512\" xmlns=\"http:\/\/www.w3.org\/2000\/svg\"><path d=\"M416 208H272V64c0-17.67-14.33-32-32-32h-32c-17.67 0-32 14.33-32 32v144H32c-17.67 0-32 14.33-32 32v32c0 17.67 14.33 32 32 32h144v144c0 17.67 14.33 32 32 32h32c17.67 0 32-14.33 32-32V304h144c17.67 0 32-14.33 32-32v-32c0-17.67-14.33-32-32-32z\"><\/path><\/svg><\/span>\n\t\t<\/span>\n\n\t\t\t\t\t\t<\/summary>\n\t\t\t\t<div role=\"region\" aria-labelledby=\"opdrachtgevers\" class=\"elementor-element elementor-element-02cee9e e-con-full e-flex e-con e-child\" data-id=\"02cee9e\" data-element_type=\"container\" data-e-type=\"container\">\n\t\t\t\t<div class=\"elementor-element elementor-element-61ec7e5 elementor-icon-list--layout-traditional elementor-list-item-link-full_width elementor-widget elementor-widget-icon-list\" data-id=\"61ec7e5\" data-element_type=\"widget\" data-e-type=\"widget\" data-widget_type=\"icon-list.default\">\n\t\t\t\t<div class=\"elementor-widget-container\">\n\t\t\t\t\t\t\t<ul class=\"elementor-icon-list-items\">\n\t\t\t\t\t\t\t<li class=\"elementor-icon-list-item\">\n\t\t\t\t\t\t\t\t\t\t\t<a href=\"https:\/\/collegaa.nl\/wp-content\/uploads\/2024\/10\/CollegaaBV_AlgemeneVoorwaarden.pdf\" target=\"_blank\">\n\n\t\t\t\t\t\t\t\t\t\t\t\t<span class=\"elementor-icon-list-icon\">\n\t\t\t\t\t\t\t<svg aria-hidden=\"true\" class=\"e-font-icon-svg e-far-file-pdf\" viewbox=\"0 0 384 512\" xmlns=\"http:\/\/www.w3.org\/2000\/svg\"><path d=\"M369.9 97.9L286 14C277 5 264.8-.1 252.1-.1H48C21.5 0 0 21.5 0 48v416c0 26.5 21.5 48 48 48h288c26.5 0 48-21.5 48-48V131.9c0-12.7-5.1-25-14.1-34zM332.1 128H256V51.9l76.1 76.1zM48 464V48h160v104c0 13.3 10.7 24 24 24h104v288H48zm250.2-143.7c-12.2-12-47-8.7-64.4-6.5-17.2-10.5-28.7-25-36.8-46.3 3.9-16.1 10.1-40.6 5.4-56-4.2-26.2-37.8-23.6-42.6-5.9-4.4 16.1-.4 38.5 7 67.1-10 23.9-24.9 56-35.4 74.4-20 10.3-47 26.2-51 46.2-3.3 15.8 26 55.2 76.1-31.2 22.4-7.4 46.8-16.5 68.4-20.1 18.9 10.2 41 17 55.8 17 25.5 0 28-28.2 17.5-38.7zm-198.1 77.8c5.1-13.7 24.5-29.5 30.4-35-19 30.3-30.4 35.7-30.4 35zm81.6-190.6c7.4 0 6.7 32.1 1.8 40.8-4.4-13.9-4.3-40.8-1.8-40.8zm-24.4 136.6c9.7-16.9 18-37 24.7-54.7 8.3 15.1 18.9 27.2 30.1 35.5-20.8 4.3-38.9 13.1-54.8 19.2zm131.6-5s-5 6-37.3-7.8c35.1-2.6 40.9 5.4 37.3 7.8z\"><\/path><\/svg>\t\t\t\t\t\t<\/span>\n\t\t\t\t\t\t\t\t\t\t<span class=\"elementor-icon-list-text\">Og\u00f3lne warunki zatrudnienia tymczasowego<\/span>\n\t\t\t\t\t\t\t\t\t\t\t<\/a>\n\t\t\t\t\t\t\t\t\t<\/li>\n\t\t\t\t\t\t\t\t<li class=\"elementor-icon-list-item\">\n\t\t\t\t\t\t\t\t\t\t\t<a href=\"http:\/\/collegaa.nl\/wp-content\/uploads\/2025\/10\/AlgemeneVoorwaardenWenS.pdf\" target=\"_blank\">\n\n\t\t\t\t\t\t\t\t\t\t\t\t<span class=\"elementor-icon-list-icon\">\n\t\t\t\t\t\t\t<svg aria-hidden=\"true\" class=\"e-font-icon-svg e-far-file-pdf\" viewbox=\"0 0 384 512\" xmlns=\"http:\/\/www.w3.org\/2000\/svg\"><path d=\"M369.9 97.9L286 14C277 5 264.8-.1 252.1-.1H48C21.5 0 0 21.5 0 48v416c0 26.5 21.5 48 48 48h288c26.5 0 48-21.5 48-48V131.9c0-12.7-5.1-25-14.1-34zM332.1 128H256V51.9l76.1 76.1zM48 464V48h160v104c0 13.3 10.7 24 24 24h104v288H48zm250.2-143.7c-12.2-12-47-8.7-64.4-6.5-17.2-10.5-28.7-25-36.8-46.3 3.9-16.1 10.1-40.6 5.4-56-4.2-26.2-37.8-23.6-42.6-5.9-4.4 16.1-.4 38.5 7 67.1-10 23.9-24.9 56-35.4 74.4-20 10.3-47 26.2-51 46.2-3.3 15.8 26 55.2 76.1-31.2 22.4-7.4 46.8-16.5 68.4-20.1 18.9 10.2 41 17 55.8 17 25.5 0 28-28.2 17.5-38.7zm-198.1 77.8c5.1-13.7 24.5-29.5 30.4-35-19 30.3-30.4 35.7-30.4 35zm81.6-190.6c7.4 0 6.7 32.1 1.8 40.8-4.4-13.9-4.3-40.8-1.8-40.8zm-24.4 136.6c9.7-16.9 18-37 24.7-54.7 8.3 15.1 18.9 27.2 30.1 35.5-20.8 4.3-38.9 13.1-54.8 19.2zm131.6-5s-5 6-37.3-7.8c35.1-2.6 40.9 5.4 37.3 7.8z\"><\/path><\/svg>\t\t\t\t\t\t<\/span>\n\t\t\t\t\t\t\t\t\t\t<span class=\"elementor-icon-list-text\">Algemene Voorwaarden Werving en Selectie<\/span>\n\t\t\t\t\t\t\t\t\t\t\t<\/a>\n\t\t\t\t\t\t\t\t\t<\/li>\n\t\t\t\t\t\t\t\t<li class=\"elementor-icon-list-item\">\n\t\t\t\t\t\t\t\t\t\t\t<a href=\"http:\/\/collegaa.nl\/wp-content\/uploads\/2025\/11\/CD-WKA-Verklaring-2025-10-22.pdf\" target=\"_blank\">\n\n\t\t\t\t\t\t\t\t\t\t\t\t<span class=\"elementor-icon-list-icon\">\n\t\t\t\t\t\t\t<svg aria-hidden=\"true\" class=\"e-font-icon-svg e-far-file-pdf\" viewbox=\"0 0 384 512\" xmlns=\"http:\/\/www.w3.org\/2000\/svg\"><path d=\"M369.9 97.9L286 14C277 5 264.8-.1 252.1-.1H48C21.5 0 0 21.5 0 48v416c0 26.5 21.5 48 48 48h288c26.5 0 48-21.5 48-48V131.9c0-12.7-5.1-25-14.1-34zM332.1 128H256V51.9l76.1 76.1zM48 464V48h160v104c0 13.3 10.7 24 24 24h104v288H48zm250.2-143.7c-12.2-12-47-8.7-64.4-6.5-17.2-10.5-28.7-25-36.8-46.3 3.9-16.1 10.1-40.6 5.4-56-4.2-26.2-37.8-23.6-42.6-5.9-4.4 16.1-.4 38.5 7 67.1-10 23.9-24.9 56-35.4 74.4-20 10.3-47 26.2-51 46.2-3.3 15.8 26 55.2 76.1-31.2 22.4-7.4 46.8-16.5 68.4-20.1 18.9 10.2 41 17 55.8 17 25.5 0 28-28.2 17.5-38.7zm-198.1 77.8c5.1-13.7 24.5-29.5 30.4-35-19 30.3-30.4 35.7-30.4 35zm81.6-190.6c7.4 0 6.7 32.1 1.8 40.8-4.4-13.9-4.3-40.8-1.8-40.8zm-24.4 136.6c9.7-16.9 18-37 24.7-54.7 8.3 15.1 18.9 27.2 30.1 35.5-20.8 4.3-38.9 13.1-54.8 19.2zm131.6-5s-5 6-37.3-7.8c35.1-2.6 40.9 5.4 37.3 7.8z\"><\/path><\/svg>\t\t\t\t\t\t<\/span>\n\t\t\t\t\t\t\t\t\t\t<span class=\"elementor-icon-list-text\">WKA Verklaring Belastingdienst oktober 2025<\/span>\n\t\t\t\t\t\t\t\t\t\t\t<\/a>\n\t\t\t\t\t\t\t\t\t<\/li>\n\t\t\t\t\t\t<\/ul>\n\t\t\t\t\t\t<\/div>\n\t\t\t\t<\/div>\n\t\t\t\t<\/div>\n\t\t\t\t\t<\/details>\n\t\t\t\t\t\t<details id=\"werknemers\" class=\"e-n-accordion-item\" >\n\t\t\t\t<summary class=\"e-n-accordion-item-title\" data-accordion-index=\"2\" tabindex=\"-1\" aria-expanded=\"false\" aria-controls=\"werknemers\" >\n\t\t\t\t\t<span class='e-n-accordion-item-title-header'><div class=\"e-n-accordion-item-title-text\"> Pracownicy <\/div><\/span>\n\t\t\t\t\t\t\t<span class='e-n-accordion-item-title-icon'>\n\t\t\t<span class='e-opened' ><svg aria-hidden=\"true\" class=\"e-font-icon-svg e-fas-minus\" viewbox=\"0 0 448 512\" xmlns=\"http:\/\/www.w3.org\/2000\/svg\"><path d=\"M416 208H32c-17.67 0-32 14.33-32 32v32c0 17.67 14.33 32 32 32h384c17.67 0 32-14.33 32-32v-32c0-17.67-14.33-32-32-32z\"><\/path><\/svg><\/span>\n\t\t\t<span class='e-closed'><svg aria-hidden=\"true\" class=\"e-font-icon-svg e-fas-plus\" viewbox=\"0 0 448 512\" xmlns=\"http:\/\/www.w3.org\/2000\/svg\"><path d=\"M416 208H272V64c0-17.67-14.33-32-32-32h-32c-17.67 0-32 14.33-32 32v144H32c-17.67 0-32 14.33-32 32v32c0 17.67 14.33 32 32 32h144v144c0 17.67 14.33 32 32 32h32c17.67 0 32-14.33 32-32V304h144c17.67 0 32-14.33 32-32v-32c0-17.67-14.33-32-32-32z\"><\/path><\/svg><\/span>\n\t\t<\/span>\n\n\t\t\t\t\t\t<\/summary>\n\t\t\t\t<div role=\"region\" aria-labelledby=\"werknemers\" class=\"elementor-element elementor-element-1402bcb e-con-full e-flex e-con e-child\" data-id=\"1402bcb\" data-element_type=\"container\" data-e-type=\"container\">\n\t\t\t\t<div class=\"elementor-element elementor-element-44f5e10 elementor-icon-list--layout-traditional elementor-list-item-link-full_width elementor-widget elementor-widget-icon-list\" data-id=\"44f5e10\" data-element_type=\"widget\" data-e-type=\"widget\" data-widget_type=\"icon-list.default\">\n\t\t\t\t<div class=\"elementor-widget-container\">\n\t\t\t\t\t\t\t<ul class=\"elementor-icon-list-items\">\n\t\t\t\t\t\t\t<li class=\"elementor-icon-list-item\">\n\t\t\t\t\t\t\t\t\t\t\t<a href=\"http:\/\/collegaa.nl\/wp-content\/uploads\/2025\/10\/Werkbriefje2025.pdf\" target=\"_blank\">\n\n\t\t\t\t\t\t\t\t\t\t\t\t<span class=\"elementor-icon-list-icon\">\n\t\t\t\t\t\t\t<svg aria-hidden=\"true\" class=\"e-font-icon-svg e-far-file-pdf\" viewbox=\"0 0 384 512\" xmlns=\"http:\/\/www.w3.org\/2000\/svg\"><path d=\"M369.9 97.9L286 14C277 5 264.8-.1 252.1-.1H48C21.5 0 0 21.5 0 48v416c0 26.5 21.5 48 48 48h288c26.5 0 48-21.5 48-48V131.9c0-12.7-5.1-25-14.1-34zM332.1 128H256V51.9l76.1 76.1zM48 464V48h160v104c0 13.3 10.7 24 24 24h104v288H48zm250.2-143.7c-12.2-12-47-8.7-64.4-6.5-17.2-10.5-28.7-25-36.8-46.3 3.9-16.1 10.1-40.6 5.4-56-4.2-26.2-37.8-23.6-42.6-5.9-4.4 16.1-.4 38.5 7 67.1-10 23.9-24.9 56-35.4 74.4-20 10.3-47 26.2-51 46.2-3.3 15.8 26 55.2 76.1-31.2 22.4-7.4 46.8-16.5 68.4-20.1 18.9 10.2 41 17 55.8 17 25.5 0 28-28.2 17.5-38.7zm-198.1 77.8c5.1-13.7 24.5-29.5 30.4-35-19 30.3-30.4 35.7-30.4 35zm81.6-190.6c7.4 0 6.7 32.1 1.8 40.8-4.4-13.9-4.3-40.8-1.8-40.8zm-24.4 136.6c9.7-16.9 18-37 24.7-54.7 8.3 15.1 18.9 27.2 30.1 35.5-20.8 4.3-38.9 13.1-54.8 19.2zm131.6-5s-5 6-37.3-7.8c35.1-2.6 40.9 5.4 37.3 7.8z\"><\/path><\/svg>\t\t\t\t\t\t<\/span>\n\t\t\t\t\t\t\t\t\t\t<span class=\"elementor-icon-list-text\">Arkusz roboczy<\/span>\n\t\t\t\t\t\t\t\t\t\t\t<\/a>\n\t\t\t\t\t\t\t\t\t<\/li>\n\t\t\t\t\t\t<\/ul>\n\t\t\t\t\t\t<\/div>\n\t\t\t\t<\/div>\n\t\t\t\t<\/div>\n\t\t\t\t\t<\/details>\n\t\t\t\t\t<\/div>\n\t\t\t\t\t\t<\/div>\n\t\t\t\t<\/div>\n\t\t\t\t<\/div>\n\t\t\t\t\t<\/div>\n\t\t\t\t<\/div>\n\t\t\t\t<\/div>","protected":false},"excerpt":{"rendered":"<p>Hiernaast vind je een selectie aan handige downloads voor zowel opdrachtgevers als werknemers. Of je nu op zoek bent naar belangrijke documenten, formulieren, of voorwaarden, we hebben alles op \u00e9\u00e9n plek verzameld om het jou zo makkelijk mogelijk te maken. Kies de download die je zoekt en krijg direct toegang tot de informatie die je [&hellip;]<\/p>\n","protected":false},"author":5,"featured_media":0,"parent":0,"menu_order":0,"comment_status":"closed","ping_status":"closed","template":"","meta":{"_acf_changed":false,"content-type":"","footnotes":""},"class_list":["post-901","page","type-page","status-publish","hentry"],"acf":[],"yoast_head":"<!-- This site is optimized with the Yoast SEO Premium plugin v27.5 (Yoast SEO v27.5) - https:\/\/yoast.com\/product\/yoast-seo-premium-wordpress\/ -->\n<title>Downloads - Collegaa<\/title>\n<meta name=\"robots\" content=\"index, follow, max-snippet:-1, max-image-preview:large, max-video-preview:-1\" \/>\n<link rel=\"canonical\" href=\"https:\/\/collegaa.nl\/pl\/pliki-do-pobrania\/\" \/>\n<meta property=\"og:locale\" content=\"pl_PL\" \/>\n<meta property=\"og:type\" content=\"article\" \/>\n<meta property=\"og:title\" content=\"Downloads\" \/>\n<meta property=\"og:description\" content=\"Hiernaast vind je een selectie aan handige downloads voor zowel opdrachtgevers als werknemers. Of je nu op zoek bent naar belangrijke documenten, formulieren, of voorwaarden, we hebben alles op \u00e9\u00e9n plek verzameld om het jou zo makkelijk mogelijk te maken. Kies de download die je zoekt en krijg direct toegang tot de informatie die je [&hellip;]\" \/>\n<meta property=\"og:url\" content=\"https:\/\/collegaa.nl\/pl\/pliki-do-pobrania\/\" \/>\n<meta property=\"og:site_name\" content=\"Collegaa\" \/>\n<meta property=\"article:modified_time\" content=\"2025-11-03T13:45:56+00:00\" \/>\n<meta property=\"og:image\" content=\"http:\/\/collegaa.nl\/wp-content\/uploads\/2024\/07\/pexels-sora-shimazaki-5673502-1024x249.png\" \/>\n<meta name=\"twitter:card\" content=\"summary_large_image\" \/>\n<meta name=\"twitter:label1\" content=\"Szacowany czas czytania\" \/>\n\t<meta name=\"twitter:data1\" content=\"1 minuta\" \/>\n<script type=\"application\/ld+json\" class=\"yoast-schema-graph\">{\"@context\":\"https:\\\/\\\/schema.org\",\"@graph\":[{\"@type\":\"WebPage\",\"@id\":\"https:\\\/\\\/collegaa.nl\\\/downloads\\\/\",\"url\":\"https:\\\/\\\/collegaa.nl\\\/downloads\\\/\",\"name\":\"Downloads - Collegaa\",\"isPartOf\":{\"@id\":\"https:\\\/\\\/collegaa.nl\\\/#website\"},\"primaryImageOfPage\":{\"@id\":\"https:\\\/\\\/collegaa.nl\\\/downloads\\\/#primaryimage\"},\"image\":{\"@id\":\"https:\\\/\\\/collegaa.nl\\\/downloads\\\/#primaryimage\"},\"thumbnailUrl\":\"http:\\\/\\\/collegaa.nl\\\/wp-content\\\/uploads\\\/2024\\\/07\\\/pexels-sora-shimazaki-5673502-1024x249.png\",\"datePublished\":\"2024-10-03T10:27:05+00:00\",\"dateModified\":\"2025-11-03T13:45:56+00:00\",\"breadcrumb\":{\"@id\":\"https:\\\/\\\/collegaa.nl\\\/downloads\\\/#breadcrumb\"},\"inLanguage\":\"pl-PL\",\"potentialAction\":[{\"@type\":\"ReadAction\",\"target\":[\"https:\\\/\\\/collegaa.nl\\\/downloads\\\/\"]}]},{\"@type\":\"ImageObject\",\"inLanguage\":\"pl-PL\",\"@id\":\"https:\\\/\\\/collegaa.nl\\\/downloads\\\/#primaryimage\",\"url\":\"http:\\\/\\\/collegaa.nl\\\/wp-content\\\/uploads\\\/2024\\\/07\\\/pexels-sora-shimazaki-5673502-1024x249.png\",\"contentUrl\":\"http:\\\/\\\/collegaa.nl\\\/wp-content\\\/uploads\\\/2024\\\/07\\\/pexels-sora-shimazaki-5673502-1024x249.png\"},{\"@type\":\"BreadcrumbList\",\"@id\":\"https:\\\/\\\/collegaa.nl\\\/downloads\\\/#breadcrumb\",\"itemListElement\":[{\"@type\":\"ListItem\",\"position\":1,\"name\":\"Home\",\"item\":\"https:\\\/\\\/collegaa.nl\\\/\"},{\"@type\":\"ListItem\",\"position\":2,\"name\":\"Downloads\"}]},{\"@type\":\"WebSite\",\"@id\":\"https:\\\/\\\/collegaa.nl\\\/#website\",\"url\":\"https:\\\/\\\/collegaa.nl\\\/\",\"name\":\"Collegaa\",\"description\":\"Specialisten verbinden met kansen\",\"publisher\":{\"@id\":\"https:\\\/\\\/collegaa.nl\\\/#organization\"},\"potentialAction\":[{\"@type\":\"SearchAction\",\"target\":{\"@type\":\"EntryPoint\",\"urlTemplate\":\"https:\\\/\\\/collegaa.nl\\\/?s={search_term_string}\"},\"query-input\":{\"@type\":\"PropertyValueSpecification\",\"valueRequired\":true,\"valueName\":\"search_term_string\"}}],\"inLanguage\":\"pl-PL\"},{\"@type\":\"Organization\",\"@id\":\"https:\\\/\\\/collegaa.nl\\\/#organization\",\"name\":\"Collegaa\",\"url\":\"https:\\\/\\\/collegaa.nl\\\/\",\"logo\":{\"@type\":\"ImageObject\",\"inLanguage\":\"pl-PL\",\"@id\":\"https:\\\/\\\/collegaa.nl\\\/#\\\/schema\\\/logo\\\/image\\\/\",\"url\":\"https:\\\/\\\/collegaa.nl\\\/wp-content\\\/uploads\\\/2024\\\/11\\\/Collegaa-logo-vertikaal_vierkant.png\",\"contentUrl\":\"https:\\\/\\\/collegaa.nl\\\/wp-content\\\/uploads\\\/2024\\\/11\\\/Collegaa-logo-vertikaal_vierkant.png\",\"width\":500,\"height\":500,\"caption\":\"Collegaa\"},\"image\":{\"@id\":\"https:\\\/\\\/collegaa.nl\\\/#\\\/schema\\\/logo\\\/image\\\/\"}}]}<\/script>\n<!-- \/ Yoast SEO Premium plugin. -->","yoast_head_json":{"title":"Downloads - Collegaa","robots":{"index":"index","follow":"follow","max-snippet":"max-snippet:-1","max-image-preview":"max-image-preview:large","max-video-preview":"max-video-preview:-1"},"canonical":"https:\/\/collegaa.nl\/pl\/pliki-do-pobrania\/","og_locale":"pl_PL","og_type":"article","og_title":"Downloads","og_description":"Hiernaast vind je een selectie aan handige downloads voor zowel opdrachtgevers als werknemers. Of je nu op zoek bent naar belangrijke documenten, formulieren, of voorwaarden, we hebben alles op \u00e9\u00e9n plek verzameld om het jou zo makkelijk mogelijk te maken. Kies de download die je zoekt en krijg direct toegang tot de informatie die je [&hellip;]","og_url":"https:\/\/collegaa.nl\/pl\/pliki-do-pobrania\/","og_site_name":"Collegaa","article_modified_time":"2025-11-03T13:45:56+00:00","og_image":[{"url":"http:\/\/collegaa.nl\/wp-content\/uploads\/2024\/07\/pexels-sora-shimazaki-5673502-1024x249.png","type":"","width":"","height":""}],"twitter_card":"summary_large_image","twitter_misc":{"Szacowany czas czytania":"1 minuta"},"schema":{"@context":"https:\/\/schema.org","@graph":[{"@type":"WebPage","@id":"https:\/\/collegaa.nl\/downloads\/","url":"https:\/\/collegaa.nl\/downloads\/","name":"Downloads - Collegaa","isPartOf":{"@id":"https:\/\/collegaa.nl\/#website"},"primaryImageOfPage":{"@id":"https:\/\/collegaa.nl\/downloads\/#primaryimage"},"image":{"@id":"https:\/\/collegaa.nl\/downloads\/#primaryimage"},"thumbnailUrl":"http:\/\/collegaa.nl\/wp-content\/uploads\/2024\/07\/pexels-sora-shimazaki-5673502-1024x249.png","datePublished":"2024-10-03T10:27:05+00:00","dateModified":"2025-11-03T13:45:56+00:00","breadcrumb":{"@id":"https:\/\/collegaa.nl\/downloads\/#breadcrumb"},"inLanguage":"pl-PL","potentialAction":[{"@type":"ReadAction","target":["https:\/\/collegaa.nl\/downloads\/"]}]},{"@type":"ImageObject","inLanguage":"pl-PL","@id":"https:\/\/collegaa.nl\/downloads\/#primaryimage","url":"http:\/\/collegaa.nl\/wp-content\/uploads\/2024\/07\/pexels-sora-shimazaki-5673502-1024x249.png","contentUrl":"http:\/\/collegaa.nl\/wp-content\/uploads\/2024\/07\/pexels-sora-shimazaki-5673502-1024x249.png"},{"@type":"BreadcrumbList","@id":"https:\/\/collegaa.nl\/downloads\/#breadcrumb","itemListElement":[{"@type":"ListItem","position":1,"name":"Home","item":"https:\/\/collegaa.nl\/"},{"@type":"ListItem","position":2,"name":"Downloads"}]},{"@type":"WebSite","@id":"https:\/\/collegaa.nl\/#website","url":"https:\/\/collegaa.nl\/","name":"Collegaa","description":"\u0141\u0105czenie specjalist\u00f3w z mo\u017cliwo\u015bciami","publisher":{"@id":"https:\/\/collegaa.nl\/#organization"},"potentialAction":[{"@type":"SearchAction","target":{"@type":"EntryPoint","urlTemplate":"https:\/\/collegaa.nl\/?s={search_term_string}"},"query-input":{"@type":"PropertyValueSpecification","valueRequired":true,"valueName":"search_term_string"}}],"inLanguage":"pl-PL"},{"@type":"Organization","@id":"https:\/\/collegaa.nl\/#organization","name":"Collegaa","url":"https:\/\/collegaa.nl\/","logo":{"@type":"ImageObject","inLanguage":"pl-PL","@id":"https:\/\/collegaa.nl\/#\/schema\/logo\/image\/","url":"https:\/\/collegaa.nl\/wp-content\/uploads\/2024\/11\/Collegaa-logo-vertikaal_vierkant.png","contentUrl":"https:\/\/collegaa.nl\/wp-content\/uploads\/2024\/11\/Collegaa-logo-vertikaal_vierkant.png","width":500,"height":500,"caption":"Collegaa"},"image":{"@id":"https:\/\/collegaa.nl\/#\/schema\/logo\/image\/"}}]}},"_links":{"self":[{"href":"https:\/\/collegaa.nl\/pl\/wp-json\/wp\/v2\/pages\/901","targetHints":{"allow":["GET"]}}],"collection":[{"href":"https:\/\/collegaa.nl\/pl\/wp-json\/wp\/v2\/pages"}],"about":[{"href":"https:\/\/collegaa.nl\/pl\/wp-json\/wp\/v2\/types\/page"}],"author":[{"embeddable":true,"href":"https:\/\/collegaa.nl\/pl\/wp-json\/wp\/v2\/users\/5"}],"replies":[{"embeddable":true,"href":"https:\/\/collegaa.nl\/pl\/wp-json\/wp\/v2\/comments?post=901"}],"version-history":[{"count":5,"href":"https:\/\/collegaa.nl\/pl\/wp-json\/wp\/v2\/pages\/901\/revisions"}],"predecessor-version":[{"id":1856,"href":"https:\/\/collegaa.nl\/pl\/wp-json\/wp\/v2\/pages\/901\/revisions\/1856"}],"wp:attachment":[{"href":"https:\/\/collegaa.nl\/pl\/wp-json\/wp\/v2\/media?parent=901"}],"curies":[{"name":"wp","href":"https:\/\/api.w.org\/{rel}","templated":true}]}}