{"id":903,"date":"2024-10-03T12:27:32","date_gmt":"2024-10-03T10:27:32","guid":{"rendered":"https:\/\/collegaa.nl\/?page_id=903"},"modified":"2024-11-07T16:32:24","modified_gmt":"2024-11-07T15:32:24","slug":"antydyskryminacja","status":"publish","type":"page","link":"https:\/\/collegaa.nl\/pl\/anti-discriminatie\/","title":{"rendered":"Przeciwdzia\u0142anie dyskryminacji"},"content":{"rendered":"<div data-elementor-type=\"wp-page\" data-elementor-id=\"903\" class=\"elementor elementor-903\" data-elementor-post-type=\"page\">\n\t\t\t\t<div class=\"elementor-element elementor-element-fc18ca6 e-flex e-con-boxed e-con e-parent\" data-id=\"fc18ca6\" data-element_type=\"container\" data-e-type=\"container\" data-settings=\"{&quot;background_background&quot;:&quot;classic&quot;}\">\n\t\t\t\t\t<div class=\"e-con-inner\">\n\t\t<div class=\"elementor-element elementor-element-a94c69a e-con-full e-flex e-con e-child\" data-id=\"a94c69a\" data-element_type=\"container\" data-e-type=\"container\">\n\t\t\t\t<div class=\"elementor-element elementor-element-aa1b0dc elementor-widget elementor-widget-breadcrumbs\" data-id=\"aa1b0dc\" data-element_type=\"widget\" data-e-type=\"widget\" data-widget_type=\"breadcrumbs.default\">\n\t\t\t\t<div class=\"elementor-widget-container\">\n\t\t\t\t\t<p id=\"breadcrumbs\"><span><span><a href=\"https:\/\/collegaa.nl\/pl\/\">Strona g\u0142\u00f3wna<\/a><\/span><\/span><\/p>\t\t\t\t<\/div>\n\t\t\t\t<\/div>\n\t\t\t\t<\/div>\n\t\t<div class=\"elementor-element elementor-element-f9785ed e-con-full e-flex e-con e-child\" data-id=\"f9785ed\" data-element_type=\"container\" data-e-type=\"container\">\n\t\t\t\t<div class=\"elementor-element elementor-element-2dfc70a elementor-widget elementor-widget-image\" data-id=\"2dfc70a\" data-element_type=\"widget\" data-e-type=\"widget\" data-widget_type=\"image.default\">\n\t\t\t\t<div class=\"elementor-widget-container\">\n\t\t\t\t\t\t\t\t\t\t\t\t\t\t\t<img fetchpriority=\"high\" decoding=\"async\" width=\"1024\" height=\"249\" src=\"https:\/\/collegaa.nl\/wp-content\/uploads\/2024\/07\/pexels-sora-shimazaki-5673502-1024x249.png\" class=\"attachment-large size-large wp-image-356\" alt=\"\" srcset=\"https:\/\/collegaa.nl\/wp-content\/uploads\/2024\/07\/pexels-sora-shimazaki-5673502-1024x249.png 1024w, https:\/\/collegaa.nl\/wp-content\/uploads\/2024\/07\/pexels-sora-shimazaki-5673502-300x73.png 300w, https:\/\/collegaa.nl\/wp-content\/uploads\/2024\/07\/pexels-sora-shimazaki-5673502-768x186.png 768w, https:\/\/collegaa.nl\/wp-content\/uploads\/2024\/07\/pexels-sora-shimazaki-5673502.png 1244w\" sizes=\"(max-width: 1024px) 100vw, 1024px\" \/>\t\t\t\t\t\t\t\t\t\t\t\t\t\t\t<\/div>\n\t\t\t\t<\/div>\n\t\t\t\t<\/div>\n\t\t\t\t\t<\/div>\n\t\t\t\t<\/div>\n\t\t<div class=\"elementor-element elementor-element-833350a e-flex e-con-boxed e-con e-parent\" data-id=\"833350a\" data-element_type=\"container\" data-e-type=\"container\">\n\t\t\t\t\t<div class=\"e-con-inner\">\n\t\t\t\t<div class=\"elementor-element elementor-element-2df2190 elementor-widget elementor-widget-text-editor\" data-id=\"2df2190\" data-element_type=\"widget\" data-e-type=\"widget\" data-widget_type=\"text-editor.default\">\n\t\t\t\t<div class=\"elementor-widget-container\">\n\t\t\t\t\t\t\t\t\t<p>Collegaa prowadzi aktywn\u0105 polityk\u0119 antydyskryminacyjn\u0105.<br \/>Nie zezwalamy na dyskryminacj\u0119 ze wzgl\u0119du na przekonania, religi\u0119, przynale\u017cno\u015b\u0107 polityczn\u0105, ras\u0119, p\u0142e\u0107, wiek, narodowo\u015b\u0107 lub stan cywilny. Zapewnili\u015bmy to w naszej organizacji dzi\u0119ki wewn\u0119trznym procedurom.<br \/>Nasi pracownicy s\u0105 na bie\u017c\u0105co z aktualnymi przepisami i regulacjami oraz naszymi wewn\u0119trznymi procedurami.<\/p><p>Nieprzestrzeganie tych procedur b\u0119dzie skutkowa\u0107 sankcjami dla naszych pracownik\u00f3w. Wszyscy pracownicy s\u0105 odpowiedzialni za ich przestrzeganie. Ostateczna odpowiedzialno\u015b\u0107 za to spoczywa na naszym kierownictwie.<\/p><p>W szczeg\u00f3lno\u015bci oznacza to, \u017ce nowi pracownicy s\u0105 szkoleni w zakresie rozpoznawania dyskryminacji. Jest to uwzgl\u0119dnione w ich szkoleniu. Kiedy otrzymujemy aplikacje, jeste\u015bmy czujni i dzia\u0142amy proaktywnie wobec (potencjalnych) klient\u00f3w. Nasze og\u0142oszenia o prac\u0119 s\u0105 sprawdzane pod k\u0105tem ewentualnych tre\u015bci dyskryminuj\u0105cych.<\/p><p>Czy spotka\u0142e\u015b si\u0119 z dyskryminacj\u0105 podczas pracy za naszym po\u015brednictwem?<br \/>Zg\u0142o\u015b to bezpo\u015brednio osobie kontaktowej w oddziale, w kt\u00f3rym pracujesz!<br \/>Je\u015bli uwa\u017casz, \u017ce Twoje zg\u0142oszenie nie zosta\u0142o dobrze obs\u0142u\u017cone, poinformuj nas o tym na adres info@collegaa.nl.<br \/>Twoje zg\u0142oszenie zostanie nast\u0119pnie rozpatrzone przez naszego poufnego doradc\u0119 i skontaktujemy si\u0119 z Tob\u0105.<\/p><p>\u00a0<\/p>\t\t\t\t\t\t\t\t<\/div>\n\t\t\t\t<\/div>\n\t\t\t\t\t<\/div>\n\t\t\t\t<\/div>\n\t\t\t\t<\/div>","protected":false},"excerpt":{"rendered":"<p>Collegaa heeft een actief anti-discriminatie beleid.Het discrimineren op basis van levensovertuiging, godsdienst, politieke gezindheid, ras, geslacht, leeftijd, gender, nationaliteit of burgerlijke staat staan wij niet toe. Door interne procedures hebben we dit binnen onze organisatie geborgd.Onze medewerkers zijn op de hoogte van actuele wet- en regelgeving en onze interne procedures. Bij het niet volgen van [&hellip;]<\/p>\n","protected":false},"author":5,"featured_media":0,"parent":0,"menu_order":0,"comment_status":"closed","ping_status":"closed","template":"","meta":{"_acf_changed":false,"content-type":"","footnotes":""},"class_list":["post-903","page","type-page","status-publish","hentry"],"acf":[],"yoast_head":"<!-- This site is optimized with the Yoast SEO Premium plugin v27.5 (Yoast SEO v27.5) - https:\/\/yoast.com\/product\/yoast-seo-premium-wordpress\/ -->\n<title>Anti discriminatie - Collegaa<\/title>\n<meta name=\"robots\" content=\"index, follow, max-snippet:-1, max-image-preview:large, max-video-preview:-1\" \/>\n<link rel=\"canonical\" href=\"https:\/\/collegaa.nl\/pl\/antydyskryminacja\/\" \/>\n<meta property=\"og:locale\" content=\"pl_PL\" \/>\n<meta property=\"og:type\" content=\"article\" \/>\n<meta property=\"og:title\" content=\"Anti discriminatie\" \/>\n<meta property=\"og:description\" content=\"Collegaa heeft een actief anti-discriminatie beleid.Het discrimineren op basis van levensovertuiging, godsdienst, politieke gezindheid, ras, geslacht, leeftijd, gender, nationaliteit of burgerlijke staat staan wij niet toe. Door interne procedures hebben we dit binnen onze organisatie geborgd.Onze medewerkers zijn op de hoogte van actuele wet- en regelgeving en onze interne procedures. Bij het niet volgen van [&hellip;]\" \/>\n<meta property=\"og:url\" content=\"https:\/\/collegaa.nl\/pl\/antydyskryminacja\/\" \/>\n<meta property=\"og:site_name\" content=\"Collegaa\" \/>\n<meta property=\"article:modified_time\" content=\"2024-11-07T15:32:24+00:00\" \/>\n<meta property=\"og:image\" content=\"https:\/\/collegaa.nl\/wp-content\/uploads\/2024\/07\/pexels-sora-shimazaki-5673502-1024x249.png\" \/>\n<meta name=\"twitter:card\" content=\"summary_large_image\" \/>\n<meta name=\"twitter:label1\" content=\"Szacowany czas czytania\" \/>\n\t<meta name=\"twitter:data1\" content=\"2 minuty\" \/>\n<script type=\"application\/ld+json\" class=\"yoast-schema-graph\">{\"@context\":\"https:\\\/\\\/schema.org\",\"@graph\":[{\"@type\":\"WebPage\",\"@id\":\"https:\\\/\\\/collegaa.nl\\\/ro\\\/anti-discriminare\\\/\",\"url\":\"https:\\\/\\\/collegaa.nl\\\/ro\\\/anti-discriminare\\\/\",\"name\":\"Anti discriminatie - Collegaa\",\"isPartOf\":{\"@id\":\"https:\\\/\\\/collegaa.nl\\\/#website\"},\"primaryImageOfPage\":{\"@id\":\"https:\\\/\\\/collegaa.nl\\\/ro\\\/anti-discriminare\\\/#primaryimage\"},\"image\":{\"@id\":\"https:\\\/\\\/collegaa.nl\\\/ro\\\/anti-discriminare\\\/#primaryimage\"},\"thumbnailUrl\":\"https:\\\/\\\/collegaa.nl\\\/wp-content\\\/uploads\\\/2024\\\/07\\\/pexels-sora-shimazaki-5673502-1024x249.png\",\"datePublished\":\"2024-10-03T10:27:32+00:00\",\"dateModified\":\"2024-11-07T15:32:24+00:00\",\"breadcrumb\":{\"@id\":\"https:\\\/\\\/collegaa.nl\\\/ro\\\/anti-discriminare\\\/#breadcrumb\"},\"inLanguage\":\"pl-PL\",\"potentialAction\":[{\"@type\":\"ReadAction\",\"target\":[\"https:\\\/\\\/collegaa.nl\\\/ro\\\/anti-discriminare\\\/\"]}]},{\"@type\":\"ImageObject\",\"inLanguage\":\"pl-PL\",\"@id\":\"https:\\\/\\\/collegaa.nl\\\/ro\\\/anti-discriminare\\\/#primaryimage\",\"url\":\"https:\\\/\\\/collegaa.nl\\\/wp-content\\\/uploads\\\/2024\\\/07\\\/pexels-sora-shimazaki-5673502-1024x249.png\",\"contentUrl\":\"https:\\\/\\\/collegaa.nl\\\/wp-content\\\/uploads\\\/2024\\\/07\\\/pexels-sora-shimazaki-5673502-1024x249.png\"},{\"@type\":\"BreadcrumbList\",\"@id\":\"https:\\\/\\\/collegaa.nl\\\/ro\\\/anti-discriminare\\\/#breadcrumb\",\"itemListElement\":[{\"@type\":\"ListItem\",\"position\":1,\"name\":\"Home\",\"item\":\"https:\\\/\\\/collegaa.nl\\\/\"},{\"@type\":\"ListItem\",\"position\":2,\"name\":\"Anti discriminatie\"}]},{\"@type\":\"WebSite\",\"@id\":\"https:\\\/\\\/collegaa.nl\\\/#website\",\"url\":\"https:\\\/\\\/collegaa.nl\\\/\",\"name\":\"Collegaa\",\"description\":\"Specialisten verbinden met kansen\",\"publisher\":{\"@id\":\"https:\\\/\\\/collegaa.nl\\\/#organization\"},\"potentialAction\":[{\"@type\":\"SearchAction\",\"target\":{\"@type\":\"EntryPoint\",\"urlTemplate\":\"https:\\\/\\\/collegaa.nl\\\/?s={search_term_string}\"},\"query-input\":{\"@type\":\"PropertyValueSpecification\",\"valueRequired\":true,\"valueName\":\"search_term_string\"}}],\"inLanguage\":\"pl-PL\"},{\"@type\":\"Organization\",\"@id\":\"https:\\\/\\\/collegaa.nl\\\/#organization\",\"name\":\"Collegaa\",\"url\":\"https:\\\/\\\/collegaa.nl\\\/\",\"logo\":{\"@type\":\"ImageObject\",\"inLanguage\":\"pl-PL\",\"@id\":\"https:\\\/\\\/collegaa.nl\\\/#\\\/schema\\\/logo\\\/image\\\/\",\"url\":\"https:\\\/\\\/collegaa.nl\\\/wp-content\\\/uploads\\\/2024\\\/11\\\/Collegaa-logo-vertikaal_vierkant.png\",\"contentUrl\":\"https:\\\/\\\/collegaa.nl\\\/wp-content\\\/uploads\\\/2024\\\/11\\\/Collegaa-logo-vertikaal_vierkant.png\",\"width\":500,\"height\":500,\"caption\":\"Collegaa\"},\"image\":{\"@id\":\"https:\\\/\\\/collegaa.nl\\\/#\\\/schema\\\/logo\\\/image\\\/\"}}]}<\/script>\n<!-- \/ Yoast SEO Premium plugin. -->","yoast_head_json":{"title":"Anti discriminatie - Collegaa","robots":{"index":"index","follow":"follow","max-snippet":"max-snippet:-1","max-image-preview":"max-image-preview:large","max-video-preview":"max-video-preview:-1"},"canonical":"https:\/\/collegaa.nl\/pl\/antydyskryminacja\/","og_locale":"pl_PL","og_type":"article","og_title":"Anti discriminatie","og_description":"Collegaa heeft een actief anti-discriminatie beleid.Het discrimineren op basis van levensovertuiging, godsdienst, politieke gezindheid, ras, geslacht, leeftijd, gender, nationaliteit of burgerlijke staat staan wij niet toe. Door interne procedures hebben we dit binnen onze organisatie geborgd.Onze medewerkers zijn op de hoogte van actuele wet- en regelgeving en onze interne procedures. Bij het niet volgen van [&hellip;]","og_url":"https:\/\/collegaa.nl\/pl\/antydyskryminacja\/","og_site_name":"Collegaa","article_modified_time":"2024-11-07T15:32:24+00:00","og_image":[{"url":"https:\/\/collegaa.nl\/wp-content\/uploads\/2024\/07\/pexels-sora-shimazaki-5673502-1024x249.png","type":"","width":"","height":""}],"twitter_card":"summary_large_image","twitter_misc":{"Szacowany czas czytania":"2 minuty"},"schema":{"@context":"https:\/\/schema.org","@graph":[{"@type":"WebPage","@id":"https:\/\/collegaa.nl\/ro\/anti-discriminare\/","url":"https:\/\/collegaa.nl\/ro\/anti-discriminare\/","name":"Anti discriminatie - Collegaa","isPartOf":{"@id":"https:\/\/collegaa.nl\/#website"},"primaryImageOfPage":{"@id":"https:\/\/collegaa.nl\/ro\/anti-discriminare\/#primaryimage"},"image":{"@id":"https:\/\/collegaa.nl\/ro\/anti-discriminare\/#primaryimage"},"thumbnailUrl":"https:\/\/collegaa.nl\/wp-content\/uploads\/2024\/07\/pexels-sora-shimazaki-5673502-1024x249.png","datePublished":"2024-10-03T10:27:32+00:00","dateModified":"2024-11-07T15:32:24+00:00","breadcrumb":{"@id":"https:\/\/collegaa.nl\/ro\/anti-discriminare\/#breadcrumb"},"inLanguage":"pl-PL","potentialAction":[{"@type":"ReadAction","target":["https:\/\/collegaa.nl\/ro\/anti-discriminare\/"]}]},{"@type":"ImageObject","inLanguage":"pl-PL","@id":"https:\/\/collegaa.nl\/ro\/anti-discriminare\/#primaryimage","url":"https:\/\/collegaa.nl\/wp-content\/uploads\/2024\/07\/pexels-sora-shimazaki-5673502-1024x249.png","contentUrl":"https:\/\/collegaa.nl\/wp-content\/uploads\/2024\/07\/pexels-sora-shimazaki-5673502-1024x249.png"},{"@type":"BreadcrumbList","@id":"https:\/\/collegaa.nl\/ro\/anti-discriminare\/#breadcrumb","itemListElement":[{"@type":"ListItem","position":1,"name":"Home","item":"https:\/\/collegaa.nl\/"},{"@type":"ListItem","position":2,"name":"Anti discriminatie"}]},{"@type":"WebSite","@id":"https:\/\/collegaa.nl\/#website","url":"https:\/\/collegaa.nl\/","name":"Collegaa","description":"\u0141\u0105czenie specjalist\u00f3w z mo\u017cliwo\u015bciami","publisher":{"@id":"https:\/\/collegaa.nl\/#organization"},"potentialAction":[{"@type":"SearchAction","target":{"@type":"EntryPoint","urlTemplate":"https:\/\/collegaa.nl\/?s={search_term_string}"},"query-input":{"@type":"PropertyValueSpecification","valueRequired":true,"valueName":"search_term_string"}}],"inLanguage":"pl-PL"},{"@type":"Organization","@id":"https:\/\/collegaa.nl\/#organization","name":"Collegaa","url":"https:\/\/collegaa.nl\/","logo":{"@type":"ImageObject","inLanguage":"pl-PL","@id":"https:\/\/collegaa.nl\/#\/schema\/logo\/image\/","url":"https:\/\/collegaa.nl\/wp-content\/uploads\/2024\/11\/Collegaa-logo-vertikaal_vierkant.png","contentUrl":"https:\/\/collegaa.nl\/wp-content\/uploads\/2024\/11\/Collegaa-logo-vertikaal_vierkant.png","width":500,"height":500,"caption":"Collegaa"},"image":{"@id":"https:\/\/collegaa.nl\/#\/schema\/logo\/image\/"}}]}},"_links":{"self":[{"href":"https:\/\/collegaa.nl\/pl\/wp-json\/wp\/v2\/pages\/903","targetHints":{"allow":["GET"]}}],"collection":[{"href":"https:\/\/collegaa.nl\/pl\/wp-json\/wp\/v2\/pages"}],"about":[{"href":"https:\/\/collegaa.nl\/pl\/wp-json\/wp\/v2\/types\/page"}],"author":[{"embeddable":true,"href":"https:\/\/collegaa.nl\/pl\/wp-json\/wp\/v2\/users\/5"}],"replies":[{"embeddable":true,"href":"https:\/\/collegaa.nl\/pl\/wp-json\/wp\/v2\/comments?post=903"}],"version-history":[{"count":3,"href":"https:\/\/collegaa.nl\/pl\/wp-json\/wp\/v2\/pages\/903\/revisions"}],"predecessor-version":[{"id":1506,"href":"https:\/\/collegaa.nl\/pl\/wp-json\/wp\/v2\/pages\/903\/revisions\/1506"}],"wp:attachment":[{"href":"https:\/\/collegaa.nl\/pl\/wp-json\/wp\/v2\/media?parent=903"}],"curies":[{"name":"wp","href":"https:\/\/api.w.org\/{rel}","templated":true}]}}