{"id":3,"date":"2024-05-31T13:22:13","date_gmt":"2024-05-31T13:22:13","guid":{"rendered":"https:\/\/collegaa.nl\/?page_id=3"},"modified":"2024-11-07T16:32:31","modified_gmt":"2024-11-07T15:32:31","slug":"politica-de-confidentialitate","status":"publish","type":"page","link":"https:\/\/collegaa.nl\/ro\/privacybeleid\/","title":{"rendered":"Politica de confiden\u021bialitate"},"content":{"rendered":"<div data-elementor-type=\"wp-page\" data-elementor-id=\"3\" class=\"elementor elementor-3\" data-elementor-post-type=\"page\">\n\t\t\t\t<div class=\"elementor-element elementor-element-bf6b992 e-flex e-con-boxed e-con e-parent\" data-id=\"bf6b992\" data-element_type=\"container\" data-e-type=\"container\" data-settings=\"{&quot;background_background&quot;:&quot;classic&quot;}\">\n\t\t\t\t\t<div class=\"e-con-inner\">\n\t\t<div class=\"elementor-element elementor-element-db5eeec e-con-full e-flex e-con e-child\" data-id=\"db5eeec\" data-element_type=\"container\" data-e-type=\"container\">\n\t\t\t\t<div class=\"elementor-element elementor-element-285cd69 elementor-widget elementor-widget-breadcrumbs\" data-id=\"285cd69\" data-element_type=\"widget\" data-e-type=\"widget\" data-widget_type=\"breadcrumbs.default\">\n\t\t\t\t<div class=\"elementor-widget-container\">\n\t\t\t\t\t<p id=\"breadcrumbs\"><span><span><a href=\"https:\/\/collegaa.nl\/ro\/\">Acas\u0103<\/a><\/span><\/span><\/p>\t\t\t\t<\/div>\n\t\t\t\t<\/div>\n\t\t\t\t<\/div>\n\t\t<div class=\"elementor-element elementor-element-358f4f6 e-con-full e-flex e-con e-child\" data-id=\"358f4f6\" data-element_type=\"container\" data-e-type=\"container\">\n\t\t\t\t<div class=\"elementor-element elementor-element-089840d elementor-widget elementor-widget-image\" data-id=\"089840d\" data-element_type=\"widget\" data-e-type=\"widget\" data-widget_type=\"image.default\">\n\t\t\t\t<div class=\"elementor-widget-container\">\n\t\t\t\t\t\t\t\t\t\t\t\t\t\t\t<img fetchpriority=\"high\" decoding=\"async\" width=\"1024\" height=\"249\" src=\"https:\/\/collegaa.nl\/wp-content\/uploads\/2024\/07\/pexels-sora-shimazaki-5673502-1024x249.png\" class=\"attachment-large size-large wp-image-356\" alt=\"\" srcset=\"https:\/\/collegaa.nl\/wp-content\/uploads\/2024\/07\/pexels-sora-shimazaki-5673502-1024x249.png 1024w, https:\/\/collegaa.nl\/wp-content\/uploads\/2024\/07\/pexels-sora-shimazaki-5673502-300x73.png 300w, https:\/\/collegaa.nl\/wp-content\/uploads\/2024\/07\/pexels-sora-shimazaki-5673502-768x186.png 768w, https:\/\/collegaa.nl\/wp-content\/uploads\/2024\/07\/pexels-sora-shimazaki-5673502.png 1244w\" sizes=\"(max-width: 1024px) 100vw, 1024px\" \/>\t\t\t\t\t\t\t\t\t\t\t\t\t\t\t<\/div>\n\t\t\t\t<\/div>\n\t\t\t\t<\/div>\n\t\t\t\t\t<\/div>\n\t\t\t\t<\/div>\n\t\t<div class=\"elementor-element elementor-element-4ad5d7be e-flex e-con-boxed e-con e-parent\" data-id=\"4ad5d7be\" data-element_type=\"container\" data-e-type=\"container\">\n\t\t\t\t\t<div class=\"e-con-inner\">\n\t\t\t\t<div class=\"elementor-element elementor-element-54389972 elementor-widget elementor-widget-text-editor\" data-id=\"54389972\" data-element_type=\"widget\" data-e-type=\"widget\" data-widget_type=\"text-editor.default\">\n\t\t\t\t<div class=\"elementor-widget-container\">\n\t\t\t\t\t\t\t\t\t<p><strong>Declara\u021bie de confiden\u021bialitate<\/strong><\/p>\n<p>Aceast\u0103 declara\u021bie de confiden\u021bialitate se aplic\u0103 tuturor datelor cu caracter personal prelucrate de Collegaa, av\u00e2nd ca intermediar \"collegaa.nl\", \"iconswork.eu, \"flexpartner.nl\" \u0219i celelalte \"werkenbij-website\" pe care le gestion\u0103m.<\/p>\n<p>Collegaa se angajeaz\u0103 s\u0103 prelucreze cu aten\u021bie datele cu caracter personal ale angaja\u021bilor, candida\u021bilor la angajare, clien\u021bilor \u0219i vizitatorilor site-ului web. \u00cen aceast\u0103 declara\u021bie de confiden\u021bialitate, v\u0103 oferim o perspectiv\u0103 asupra modului \u00een care Collegaa gestioneaz\u0103 prelucrarea informa\u021biilor sensibile la confiden\u021bialitate.<\/p>\n<p><strong>Datele cu caracter personal pe care le prelucr\u0103m<\/strong><\/p>\n<p>\u00cen func\u021bie de situa\u021bia dumneavoastr\u0103, Collegaa prelucreaz\u0103 diferite date cu caracter personal.<br \/>Atunci c\u00e2nd aplica\u021bi direct pentru un post vacant:<\/p>\n<ul>\n<li>Nume;<\/li>\n<li>Adresa de e-mail;<\/li>\n<li>Num\u0103r de telefon;<\/li>\n<li>Datele pe care le furniza\u021bi \u00eentr-un curriculum vitae (CV) \u0219i \u00eentr-o scrisoare de inten\u021bie.<\/li>\n<\/ul>\n<p>Ca urmare a aplica\u021biei executive \u0219i atunci c\u00e2nd v\u0103 \u00eenregistra\u021bi la Collegaa ca persoan\u0103 \u00een c\u0103utarea unui loc de munc\u0103, se adaug\u0103 urm\u0103toarele:<\/p>\n<ul>\n<li>Adresa \u0219i re\u0219edin\u021ba;<\/li>\n<li>Gen;<\/li>\n<li>Data na\u0219terii;<\/li>\n<li>Preferin\u021bele de \u00eenscriere \u0219i disponibilitatea;<\/li>\n<li>Domenii de expertiz\u0103.<\/li>\n<\/ul>\n<p>C\u00e2nd \u00eencepe\u021bi s\u0103 lucra\u021bi pentru un client sau un coleg, ad\u0103uga\u021bi la aceasta:<\/p>\n<ul>\n<li>BSN;<\/li>\n<li>Num\u0103rul contului bancar;<\/li>\n<li>Copie a unui act de identitate valabil;<\/li>\n<li>Dac\u0103 este cazul: referin\u021be \u0219i certificate;<\/li>\n<li>Dac\u0103 este necesar: permise de munc\u0103;<\/li>\n<li>Dac\u0103 este necesar: Certificat de bun\u0103 conduit\u0103 (VOG);<\/li>\n<li>Alte date necesare pentru \u00eenregistr\u0103rile noastre \u0219i pe care ni le furniza\u021bi cu bun\u0103 \u0219tiin\u021b\u0103.<\/li>\n<\/ul>\n<p><strong>De ce prelucr\u0103m aceste date cu caracter personal<\/strong><\/p>\n<p>\u00cen calitate de agen\u021bie de ocupare a for\u021bei de munc\u0103, prelucrarea datelor cu caracter personal este necesar\u0103 pentru desf\u0103\u0219urarea corespunz\u0103toare a serviciilor noastre, de la plasarea for\u021bei de munc\u0103 la administrare. \u00cen mod specific, colect\u0103m date cu caracter personal pentru a atinge urm\u0103toarele scopuri:<\/p>\n<ul>\n<li>\u00centocmirea unui contract de munc\u0103 \u00eentre angajator \u0219i angajat;<\/li>\n<li>Pentru a pune \u00een leg\u0103tur\u0103 angajatorii \u0219i poten\u021bialii angaja\u021bi;<\/li>\n<li>Pentru a \u00eenregistra \u0219i a comunica bolile clien\u021bilor no\u0219tri;<\/li>\n<li>Pentru a v\u0103 evalua adecvarea pentru un loc de munc\u0103;<\/li>\n<li>Pentru a v\u0103 permite conectarea \u0219i utilizarea portalului nostru;<\/li>\n<li>Efectuarea de verific\u0103ri \u00eenainte de angajare, atunci c\u00e2nd este necesar;<\/li>\n<li>Pentru a v\u0103 contacta cu posibile oferte de locuri de munc\u0103 (alert\u0103 de locuri de munc\u0103) \u0219i alte oportunit\u0103\u021bi;<\/li>\n<li>Pentru a afla dac\u0103 sunte\u021bi eligibil pentru reduceri de prim\u0103 sau subven\u021bii;<\/li>\n<li>Pentru a ne asigura administrarea financiar\u0103, a absen\u021belor \u0219i a personalului;<\/li>\n<li>Pentru a ne \u00eendeplini obliga\u021biile de reintegrare;<\/li>\n<li>Alte date necesare pentru respectarea obliga\u021biilor noastre legale.<\/li>\n<\/ul>\n<p><strong>C\u00e2t timp p\u0103str\u0103m datele cu caracter personal<\/strong><\/p>\n<p>Collegaa stocheaz\u0103 datele dvs. cu caracter personal nu mai mult dec\u00e2t este strict necesar \u0219i ader\u0103 la perioadele legale de p\u0103strare. Datele dvs. sunt utilizate numai pentru a \u00eendeplini scopurile pentru care au fost colectate.<\/p>\n<p><strong>Schimbul de date cu caracter personal cu p\u0103r\u021bi ter\u021be<\/strong><\/p>\n<p>Collegaa \u00eemp\u0103rt\u0103\u0219e\u0219te datele cu caracter personal cu alte p\u0103r\u021bi atunci c\u00e2nd acest lucru este cerut de lege sau c\u00e2nd este necesar pentru prestarea serviciilor noastre. Exemplele includ transmiterea de date cu caracter personal c\u0103tre clien\u021bi, organisme de formare \u0219i organisme guvernamentale, cum ar fi Oficiul Fiscal.<br \/>De asemenea, utiliz\u0103m software \u0219i servicii ter\u021be pentru, de exemplu, administrarea salariilor noastre. Cu societ\u0103\u021bile care prelucreaz\u0103 datele dumneavoastr\u0103 \u00een numele nostru, \u00eencheiem un acord de prelucrare pentru a asigura acela\u0219i nivel de securitate \u0219i confiden\u021bialitate a datelor dumneavoastr\u0103. Collegaa r\u0103m\u00e2ne responsabil\u0103 pentru aceast\u0103 prelucrare.<\/p>\n<p><strong>Politica privind cookie-urile<\/strong><\/p>\n<p>Cookie-urile sunt fi\u0219iere text mici \u0219i simple pe care computerul sau dispozitivul dvs. mobil le stocheaz\u0103 atunci c\u00e2nd utiliza\u021bi un site web. Collegaa utilizeaz\u0103 module cookie \u0219i alte tehnici similare pentru ca site-ul s\u0103 func\u021bioneze corect \u0219i pentru a afi\u0219a con\u021binut personalizat.<\/p>\n<p>Collegaa utilizeaz\u0103 module cookie func\u021bionale pentru ca site-ul s\u0103 func\u021bioneze corect, cum ar fi \u00eenc\u0103rcarea fontului corect. De asemenea, plas\u0103m module cookie analitice pentru a colecta statistici privind comportamentul vizitatorilor pe site-ul nostru web. \u00cen acest scop, folosim Google Analytics, Hubspot \u0219i Yoast, printre altele. Utiliz\u0103m aceste informa\u021bii pentru a \u00eembun\u0103t\u0103\u021bi site-ul nostru web.<\/p>\n<p>De asemenea, plas\u0103m module cookie de urm\u0103rire de la Google Analytics. Google utilizeaz\u0103 aceste module cookie pentru a urm\u0103ri paginile pe care le vizita\u021bi \u00een cadrul re\u021belei Google pentru a crea un profil al comportamentului dvs. de navigare. Aceste date nu sunt legate de numele, adresa, adresa de e-mail \u0219i altele asemenea cunoscute de noi, ci servesc doar la adaptarea reclamelor astfel \u00eenc\u00e2t acestea s\u0103 fie c\u00e2t mai relevante pentru dvs.<\/p>\n<p>\u00cen cele din urm\u0103, utiliz\u0103m module cookie pentru re\u021belele sociale. Aceste module cookie v\u0103 permit s\u0103 partaja\u021bi anumite informa\u021bii, cum ar fi un post vacant pe site-ul nostru, direct cu re\u021beaua dvs. social\u0103.<\/p>\n<p>Dac\u0103 dori\u021bi s\u0103 bloca\u021bi complet modulele cookie, pute\u021bi ajusta set\u0103rile browserului dvs. de internet pentru a le dezactiva.<\/p>\n<p><strong>Drepturile dumneavoastr\u0103<\/strong><\/p>\n<p>Ave\u021bi drepturi cu privire la datele cu caracter personal pe care le-am prelucrat. De exemplu, ave\u021bi dreptul de a vizualiza, corecta sau \u0219terge datele dumneavoastr\u0103 cu caracter personal. De asemenea, ave\u021bi dreptul la portabilitatea datelor. Aceasta \u00eenseamn\u0103 c\u0103 ne pute\u021bi solicita s\u0103 trimitem datele cu caracter personal pe care le avem despre dumneavoastr\u0103 \u00eentr-un fi\u0219ier informatic c\u0103tre dumneavoastr\u0103 sau c\u0103tre o alt\u0103 organiza\u021bie numit\u0103 de dumneavoastr\u0103.<\/p>\n<p>Pute\u021bi trimite o cerere de inspec\u021bie, corectare, \u0219tergere, transfer de date cu caracter personal la info@collegaa.nl. Pentru a ne asigura c\u0103 cererea de inspec\u021bie este f\u0103cut\u0103 de dumneavoastr\u0103, v\u0103 rug\u0103m s\u0103 trimite\u021bi o copie a actului dumneavoastr\u0103 de identitate \u00eempreun\u0103 cu cererea. V\u0103 rug\u0103m s\u0103 v\u0103 \u00eennegri\u021bi fotografia din pa\u0219aport, MRZ (zona de citire automat\u0103, banda de numere din partea de jos a pa\u0219aportului), num\u0103rul pa\u0219aportului \u0219i num\u0103rul de serviciu pentru cet\u0103\u021beni (BSN). V\u0103 vom r\u0103spunde la cerere \u00een termen de patru s\u0103pt\u0103m\u00e2ni.<\/p>\n<p>\u00cen cele din urm\u0103, dorim s\u0103 v\u0103 inform\u0103m cu privire la posibilitatea de a depune o pl\u00e2ngere la autoritatea na\u021bional\u0103 de reglementare <a href=\"https:\/\/autoriteitpersoonsgegevens.nl\/een-tip-of-klacht-indienen-bij-de-ap\" target=\"_blank\" rel=\"noopener\">Autoritatea pentru date cu caracter personal<\/a>.<\/p>\n<p><strong>Securitatea datelor cu caracter personal<\/strong><\/p>\n<p>Collegaa ia \u00een serios protec\u021bia datelor dumneavoastr\u0103 cu caracter personal. Prin urmare, lu\u0103m m\u0103suri adecvate pentru a preveni abuzul, pierderea, accesul neautorizat, divulgarea nedorit\u0103 \u0219i modificarea neautorizat\u0103. Crede\u021bi c\u0103 datele dvs. personale nu sunt securizate corespunz\u0103tor, suspecta\u021bi o scurgere de date sau exist\u0103 alte indicii de abuz? V\u0103 rug\u0103m s\u0103 contacta\u021bi <a href=\"mailto:info@collegaa.nl\">info@collegaa.nl<\/a>.<\/p>\n<p><strong>Modific\u0103ri<\/strong><\/p>\n<p>Collegaa \u00ee\u0219i rezerv\u0103 dreptul de a actualiza aceast\u0103 declara\u021bie de confiden\u021bialitate. V\u0103 rug\u0103m s\u0103 consulta\u021bi site-ul nostru web pentru cea mai recent\u0103 versiune. <\/p>\t\t\t\t\t\t\t\t<\/div>\n\t\t\t\t<\/div>\n\t\t\t\t\t<\/div>\n\t\t\t\t<\/div>\n\t\t\t\t<\/div>","protected":false},"excerpt":{"rendered":"<p>Privacyverklaring Deze privacyverklaring is van toepassing op alle persoonsgegevens die Collegaa verwerkt, met als tussenkomst \u2018collegaa.nl\u2019, \u2018iconswork.eu, \u2018flexpartner.nl\u2019 en de andere \u2018werkenbij-websites\u2019 die wij beheren. Collegaa hecht veel waarde aan zorgvuldige verwerking van persoonsgegevens van werknemers, sollicitanten, klanten en websitebezoekers. In deze privacyverklaring geven we je inzicht in hoe Collegaa omgaat met de verwerking van [&hellip;]<\/p>\n","protected":false},"author":5,"featured_media":0,"parent":0,"menu_order":0,"comment_status":"closed","ping_status":"closed","template":"","meta":{"_acf_changed":false,"content-type":"","footnotes":""},"class_list":["post-3","page","type-page","status-publish","hentry"],"acf":[],"yoast_head":"<!-- This site is optimized with the Yoast SEO Premium plugin v27.5 (Yoast SEO v27.5) - https:\/\/yoast.com\/product\/yoast-seo-premium-wordpress\/ -->\n<title>Privacybeleid - Collegaa<\/title>\n<meta name=\"robots\" content=\"index, follow, max-snippet:-1, max-image-preview:large, max-video-preview:-1\" \/>\n<link rel=\"canonical\" href=\"https:\/\/collegaa.nl\/ro\/politica-de-confidentialitate\/\" \/>\n<meta property=\"og:locale\" content=\"ro_RO\" \/>\n<meta property=\"og:type\" content=\"article\" \/>\n<meta property=\"og:title\" content=\"Privacybeleid\" \/>\n<meta property=\"og:description\" content=\"Privacyverklaring Deze privacyverklaring is van toepassing op alle persoonsgegevens die Collegaa verwerkt, met als tussenkomst \u2018collegaa.nl\u2019, \u2018iconswork.eu, \u2018flexpartner.nl\u2019 en de andere \u2018werkenbij-websites\u2019 die wij beheren. Collegaa hecht veel waarde aan zorgvuldige verwerking van persoonsgegevens van werknemers, sollicitanten, klanten en websitebezoekers. In deze privacyverklaring geven we je inzicht in hoe Collegaa omgaat met de verwerking van [&hellip;]\" \/>\n<meta property=\"og:url\" content=\"https:\/\/collegaa.nl\/ro\/politica-de-confidentialitate\/\" \/>\n<meta property=\"og:site_name\" content=\"Collegaa\" \/>\n<meta property=\"article:modified_time\" content=\"2024-11-07T15:32:31+00:00\" \/>\n<meta property=\"og:image\" content=\"https:\/\/collegaa.nl\/wp-content\/uploads\/2024\/07\/pexels-sora-shimazaki-5673502-1024x249.png\" \/>\n<meta name=\"twitter:card\" content=\"summary_large_image\" \/>\n<meta name=\"twitter:label1\" content=\"Timp estimat pentru citire\" \/>\n\t<meta name=\"twitter:data1\" content=\"5 minute\" \/>\n<script type=\"application\/ld+json\" class=\"yoast-schema-graph\">{\"@context\":\"https:\\\/\\\/schema.org\",\"@graph\":[{\"@type\":\"WebPage\",\"@id\":\"https:\\\/\\\/collegaa.nl\\\/pl\\\/polityka-prywatnosci\\\/\",\"url\":\"https:\\\/\\\/collegaa.nl\\\/pl\\\/polityka-prywatnosci\\\/\",\"name\":\"Privacybeleid - Collegaa\",\"isPartOf\":{\"@id\":\"https:\\\/\\\/collegaa.nl\\\/#website\"},\"primaryImageOfPage\":{\"@id\":\"https:\\\/\\\/collegaa.nl\\\/pl\\\/polityka-prywatnosci\\\/#primaryimage\"},\"image\":{\"@id\":\"https:\\\/\\\/collegaa.nl\\\/pl\\\/polityka-prywatnosci\\\/#primaryimage\"},\"thumbnailUrl\":\"https:\\\/\\\/collegaa.nl\\\/wp-content\\\/uploads\\\/2024\\\/07\\\/pexels-sora-shimazaki-5673502-1024x249.png\",\"datePublished\":\"2024-05-31T13:22:13+00:00\",\"dateModified\":\"2024-11-07T15:32:31+00:00\",\"breadcrumb\":{\"@id\":\"https:\\\/\\\/collegaa.nl\\\/pl\\\/polityka-prywatnosci\\\/#breadcrumb\"},\"inLanguage\":\"ro-RO\",\"potentialAction\":[{\"@type\":\"ReadAction\",\"target\":[\"https:\\\/\\\/collegaa.nl\\\/pl\\\/polityka-prywatnosci\\\/\"]}]},{\"@type\":\"ImageObject\",\"inLanguage\":\"ro-RO\",\"@id\":\"https:\\\/\\\/collegaa.nl\\\/pl\\\/polityka-prywatnosci\\\/#primaryimage\",\"url\":\"https:\\\/\\\/collegaa.nl\\\/wp-content\\\/uploads\\\/2024\\\/07\\\/pexels-sora-shimazaki-5673502-1024x249.png\",\"contentUrl\":\"https:\\\/\\\/collegaa.nl\\\/wp-content\\\/uploads\\\/2024\\\/07\\\/pexels-sora-shimazaki-5673502-1024x249.png\"},{\"@type\":\"BreadcrumbList\",\"@id\":\"https:\\\/\\\/collegaa.nl\\\/pl\\\/polityka-prywatnosci\\\/#breadcrumb\",\"itemListElement\":[{\"@type\":\"ListItem\",\"position\":1,\"name\":\"Home\",\"item\":\"https:\\\/\\\/collegaa.nl\\\/\"},{\"@type\":\"ListItem\",\"position\":2,\"name\":\"Privacybeleid\"}]},{\"@type\":\"WebSite\",\"@id\":\"https:\\\/\\\/collegaa.nl\\\/#website\",\"url\":\"https:\\\/\\\/collegaa.nl\\\/\",\"name\":\"Collegaa\",\"description\":\"Specialisten verbinden met kansen\",\"publisher\":{\"@id\":\"https:\\\/\\\/collegaa.nl\\\/#organization\"},\"potentialAction\":[{\"@type\":\"SearchAction\",\"target\":{\"@type\":\"EntryPoint\",\"urlTemplate\":\"https:\\\/\\\/collegaa.nl\\\/?s={search_term_string}\"},\"query-input\":{\"@type\":\"PropertyValueSpecification\",\"valueRequired\":true,\"valueName\":\"search_term_string\"}}],\"inLanguage\":\"ro-RO\"},{\"@type\":\"Organization\",\"@id\":\"https:\\\/\\\/collegaa.nl\\\/#organization\",\"name\":\"Collegaa\",\"url\":\"https:\\\/\\\/collegaa.nl\\\/\",\"logo\":{\"@type\":\"ImageObject\",\"inLanguage\":\"ro-RO\",\"@id\":\"https:\\\/\\\/collegaa.nl\\\/#\\\/schema\\\/logo\\\/image\\\/\",\"url\":\"https:\\\/\\\/collegaa.nl\\\/wp-content\\\/uploads\\\/2024\\\/11\\\/Collegaa-logo-vertikaal_vierkant.png\",\"contentUrl\":\"https:\\\/\\\/collegaa.nl\\\/wp-content\\\/uploads\\\/2024\\\/11\\\/Collegaa-logo-vertikaal_vierkant.png\",\"width\":500,\"height\":500,\"caption\":\"Collegaa\"},\"image\":{\"@id\":\"https:\\\/\\\/collegaa.nl\\\/#\\\/schema\\\/logo\\\/image\\\/\"}}]}<\/script>\n<!-- \/ Yoast SEO Premium plugin. -->","yoast_head_json":{"title":"Privacybeleid - Collegaa","robots":{"index":"index","follow":"follow","max-snippet":"max-snippet:-1","max-image-preview":"max-image-preview:large","max-video-preview":"max-video-preview:-1"},"canonical":"https:\/\/collegaa.nl\/ro\/politica-de-confidentialitate\/","og_locale":"ro_RO","og_type":"article","og_title":"Privacybeleid","og_description":"Privacyverklaring Deze privacyverklaring is van toepassing op alle persoonsgegevens die Collegaa verwerkt, met als tussenkomst \u2018collegaa.nl\u2019, \u2018iconswork.eu, \u2018flexpartner.nl\u2019 en de andere \u2018werkenbij-websites\u2019 die wij beheren. Collegaa hecht veel waarde aan zorgvuldige verwerking van persoonsgegevens van werknemers, sollicitanten, klanten en websitebezoekers. In deze privacyverklaring geven we je inzicht in hoe Collegaa omgaat met de verwerking van [&hellip;]","og_url":"https:\/\/collegaa.nl\/ro\/politica-de-confidentialitate\/","og_site_name":"Collegaa","article_modified_time":"2024-11-07T15:32:31+00:00","og_image":[{"url":"https:\/\/collegaa.nl\/wp-content\/uploads\/2024\/07\/pexels-sora-shimazaki-5673502-1024x249.png","type":"","width":"","height":""}],"twitter_card":"summary_large_image","twitter_misc":{"Timp estimat pentru citire":"5 minute"},"schema":{"@context":"https:\/\/schema.org","@graph":[{"@type":"WebPage","@id":"https:\/\/collegaa.nl\/pl\/polityka-prywatnosci\/","url":"https:\/\/collegaa.nl\/pl\/polityka-prywatnosci\/","name":"Privacybeleid - Collegaa","isPartOf":{"@id":"https:\/\/collegaa.nl\/#website"},"primaryImageOfPage":{"@id":"https:\/\/collegaa.nl\/pl\/polityka-prywatnosci\/#primaryimage"},"image":{"@id":"https:\/\/collegaa.nl\/pl\/polityka-prywatnosci\/#primaryimage"},"thumbnailUrl":"https:\/\/collegaa.nl\/wp-content\/uploads\/2024\/07\/pexels-sora-shimazaki-5673502-1024x249.png","datePublished":"2024-05-31T13:22:13+00:00","dateModified":"2024-11-07T15:32:31+00:00","breadcrumb":{"@id":"https:\/\/collegaa.nl\/pl\/polityka-prywatnosci\/#breadcrumb"},"inLanguage":"ro-RO","potentialAction":[{"@type":"ReadAction","target":["https:\/\/collegaa.nl\/pl\/polityka-prywatnosci\/"]}]},{"@type":"ImageObject","inLanguage":"ro-RO","@id":"https:\/\/collegaa.nl\/pl\/polityka-prywatnosci\/#primaryimage","url":"https:\/\/collegaa.nl\/wp-content\/uploads\/2024\/07\/pexels-sora-shimazaki-5673502-1024x249.png","contentUrl":"https:\/\/collegaa.nl\/wp-content\/uploads\/2024\/07\/pexels-sora-shimazaki-5673502-1024x249.png"},{"@type":"BreadcrumbList","@id":"https:\/\/collegaa.nl\/pl\/polityka-prywatnosci\/#breadcrumb","itemListElement":[{"@type":"ListItem","position":1,"name":"Home","item":"https:\/\/collegaa.nl\/"},{"@type":"ListItem","position":2,"name":"Privacybeleid"}]},{"@type":"WebSite","@id":"https:\/\/collegaa.nl\/#website","url":"https:\/\/collegaa.nl\/","name":"Collegaa","description":"Conectarea speciali\u0219tilor cu oportunit\u0103\u021bile","publisher":{"@id":"https:\/\/collegaa.nl\/#organization"},"potentialAction":[{"@type":"SearchAction","target":{"@type":"EntryPoint","urlTemplate":"https:\/\/collegaa.nl\/?s={search_term_string}"},"query-input":{"@type":"PropertyValueSpecification","valueRequired":true,"valueName":"search_term_string"}}],"inLanguage":"ro-RO"},{"@type":"Organization","@id":"https:\/\/collegaa.nl\/#organization","name":"Collegaa","url":"https:\/\/collegaa.nl\/","logo":{"@type":"ImageObject","inLanguage":"ro-RO","@id":"https:\/\/collegaa.nl\/#\/schema\/logo\/image\/","url":"https:\/\/collegaa.nl\/wp-content\/uploads\/2024\/11\/Collegaa-logo-vertikaal_vierkant.png","contentUrl":"https:\/\/collegaa.nl\/wp-content\/uploads\/2024\/11\/Collegaa-logo-vertikaal_vierkant.png","width":500,"height":500,"caption":"Collegaa"},"image":{"@id":"https:\/\/collegaa.nl\/#\/schema\/logo\/image\/"}}]}},"_links":{"self":[{"href":"https:\/\/collegaa.nl\/ro\/wp-json\/wp\/v2\/pages\/3","targetHints":{"allow":["GET"]}}],"collection":[{"href":"https:\/\/collegaa.nl\/ro\/wp-json\/wp\/v2\/pages"}],"about":[{"href":"https:\/\/collegaa.nl\/ro\/wp-json\/wp\/v2\/types\/page"}],"author":[{"embeddable":true,"href":"https:\/\/collegaa.nl\/ro\/wp-json\/wp\/v2\/users\/5"}],"replies":[{"embeddable":true,"href":"https:\/\/collegaa.nl\/ro\/wp-json\/wp\/v2\/comments?post=3"}],"version-history":[{"count":3,"href":"https:\/\/collegaa.nl\/ro\/wp-json\/wp\/v2\/pages\/3\/revisions"}],"predecessor-version":[{"id":1509,"href":"https:\/\/collegaa.nl\/ro\/wp-json\/wp\/v2\/pages\/3\/revisions\/1509"}],"wp:attachment":[{"href":"https:\/\/collegaa.nl\/ro\/wp-json\/wp\/v2\/media?parent=3"}],"curies":[{"name":"wp","href":"https:\/\/api.w.org\/{rel}","templated":true}]}}